{"id":857,"date":"2022-06-23T11:00:44","date_gmt":"2022-06-23T09:00:44","guid":{"rendered":"https:\/\/integration-reflexes.fr\/?page_id=857"},"modified":"2025-05-07T15:15:51","modified_gmt":"2025-05-07T13:15:51","slug":"reflexes-et-apprentissage","status":"publish","type":"page","link":"https:\/\/integration-reflexes.fr\/?page_id=857","title":{"rendered":"R\u00e9flexes archa\u00efques et apprentissage"},"content":{"rendered":"\n<h2 class=\"wp-block-heading\">Des r\u00e9flexes int\u00e9gr\u00e9s pour une scolarit\u00e9 plus sereine<\/h2>\n\n\n\n<p>Pr\u00e8s de 20% des enfants pr\u00e9sentent des&nbsp;difficult\u00e9s&nbsp;scolaires. Celles-ci peuvent jouer sur l&rsquo;apprentissage de la lecture, de l&rsquo;\u00e9criture, des math\u00e9matiques, mais aussi sur les capacit\u00e9s d&rsquo;attention et de concentration des enfants.<\/p>\n\n\n<div class=\"wp-block-image\">\n<figure class=\"aligncenter size-medium\"><img data-opt-id=894543361  fetchpriority=\"high\" decoding=\"async\" width=\"300\" height=\"300\" src=\"https:\/\/mlrytvlytdru.i.optimole.com\/w:300\/h:300\/q:mauto\/ig:avif\/https:\/\/integration-reflexes.fr\/wp-content\/uploads\/2021\/11\/couv-perte-de-moyen.jpg\" alt=\"\" class=\"wp-image-649\" srcset=\"https:\/\/mlrytvlytdru.i.optimole.com\/w:300\/h:300\/q:mauto\/ig:avif\/https:\/\/integration-reflexes.fr\/wp-content\/uploads\/2021\/11\/couv-perte-de-moyen.jpg 300w, https:\/\/mlrytvlytdru.i.optimole.com\/w:1024\/h:1024\/q:mauto\/ig:avif\/https:\/\/integration-reflexes.fr\/wp-content\/uploads\/2021\/11\/couv-perte-de-moyen.jpg 1024w, https:\/\/mlrytvlytdru.i.optimole.com\/w:150\/h:150\/q:mauto\/ig:avif\/https:\/\/integration-reflexes.fr\/wp-content\/uploads\/2021\/11\/couv-perte-de-moyen.jpg 150w, https:\/\/mlrytvlytdru.i.optimole.com\/w:768\/h:768\/q:mauto\/ig:avif\/https:\/\/integration-reflexes.fr\/wp-content\/uploads\/2021\/11\/couv-perte-de-moyen.jpg 768w, https:\/\/mlrytvlytdru.i.optimole.com\/w:116\/h:116\/q:mauto\/ig:avif\/https:\/\/integration-reflexes.fr\/wp-content\/uploads\/2021\/11\/couv-perte-de-moyen.jpg 116w, https:\/\/mlrytvlytdru.i.optimole.com\/w:1080\/h:1080\/q:mauto\/ig:avif\/https:\/\/integration-reflexes.fr\/wp-content\/uploads\/2021\/11\/couv-perte-de-moyen.jpg 1080w\" sizes=\"(max-width: 300px) 100vw, 300px\" \/><\/figure><\/div>\n\n\n<p>Il est fr\u00e9quent de penser que les enfants ne font pas assez d&rsquo;effort, ne s&rsquo;appliquent pas assez, et qu&rsquo;ils pourraient faire des progr\u00e8s en se concentrant davantage.<\/p>\n\n\n\n<p>Et si les r\u00e9flexes avaient leur responsabilit\u00e9 ?<\/p>\n\n\n\n<h2 class=\"wp-block-heading\">TDA\/H<\/h2>\n\n\n\n<p>Moira Dempsey, fondatrice de RMTI (Rhythmic Movement Training International), pense que derri\u00e8re les troubles de la concentration et de l&rsquo;attention, il y a avant tout un cerveau immature. <\/p>\n\n\n\n<p>De nombreux r\u00e9flexes, s&rsquo;ils sont encore actifs, peuvent alt\u00e9rer la maturit\u00e9 du cerveau. <\/p>\n\n\n\n<div class=\"wp-block-columns is-layout-flex wp-container-core-columns-is-layout-1 wp-block-columns-is-layout-flex\">\n<div class=\"wp-block-column is-layout-flow wp-block-column-is-layout-flow\" style=\"flex-basis:50%\"><div class=\"wp-block-image\">\n<figure class=\"aligncenter size-medium\"><img data-opt-id=1817446636  fetchpriority=\"high\" decoding=\"async\" width=\"300\" height=\"300\" src=\"https:\/\/mlrytvlytdru.i.optimole.com\/w:300\/h:300\/q:mauto\/ig:avif\/https:\/\/integration-reflexes.fr\/wp-content\/uploads\/2022\/06\/1.jpg\" alt=\"\" class=\"wp-image-858\" srcset=\"https:\/\/mlrytvlytdru.i.optimole.com\/w:300\/h:300\/q:mauto\/ig:avif\/https:\/\/integration-reflexes.fr\/wp-content\/uploads\/2022\/06\/1.jpg 300w, https:\/\/mlrytvlytdru.i.optimole.com\/w:1024\/h:1024\/q:mauto\/ig:avif\/https:\/\/integration-reflexes.fr\/wp-content\/uploads\/2022\/06\/1.jpg 1024w, https:\/\/mlrytvlytdru.i.optimole.com\/w:150\/h:150\/q:mauto\/ig:avif\/https:\/\/integration-reflexes.fr\/wp-content\/uploads\/2022\/06\/1.jpg 150w, https:\/\/mlrytvlytdru.i.optimole.com\/w:768\/h:768\/q:mauto\/ig:avif\/https:\/\/integration-reflexes.fr\/wp-content\/uploads\/2022\/06\/1.jpg 768w, https:\/\/mlrytvlytdru.i.optimole.com\/w:116\/h:116\/q:mauto\/ig:avif\/https:\/\/integration-reflexes.fr\/wp-content\/uploads\/2022\/06\/1.jpg 116w, https:\/\/mlrytvlytdru.i.optimole.com\/w:1080\/h:1080\/q:mauto\/ig:avif\/https:\/\/integration-reflexes.fr\/wp-content\/uploads\/2022\/06\/1.jpg 1080w\" sizes=\"(max-width: 300px) 100vw, 300px\" \/><\/figure><\/div><\/div>\n\n\n\n<div class=\"wp-block-column is-layout-flow wp-block-column-is-layout-flow\" style=\"flex-basis:50%\"><div class=\"wp-block-image\">\n<figure class=\"aligncenter size-medium\"><img data-opt-id=1643571184  data-opt-src=\"https:\/\/mlrytvlytdru.i.optimole.com\/w:300\/h:300\/q:mauto\/ig:avif\/https:\/\/integration-reflexes.fr\/wp-content\/uploads\/2022\/06\/1-1.jpg\"  decoding=\"async\" width=\"300\" height=\"300\" src=\"data:image/svg+xml,%3Csvg%20viewBox%3D%220%200%20300%20300%22%20width%3D%22300%22%20height%3D%22300%22%20xmlns%3D%22http%3A%2F%2Fwww.w3.org%2F2000%2Fsvg%22%3E%3Crect%20width%3D%22300%22%20height%3D%22300%22%20fill%3D%22transparent%22%2F%3E%3C%2Fsvg%3E\" alt=\"\" class=\"wp-image-859\" old-srcset=\"https:\/\/mlrytvlytdru.i.optimole.com\/w:300\/h:300\/q:mauto\/ig:avif\/https:\/\/integration-reflexes.fr\/wp-content\/uploads\/2022\/06\/1-1.jpg 300w, https:\/\/mlrytvlytdru.i.optimole.com\/w:1024\/h:1024\/q:mauto\/ig:avif\/https:\/\/integration-reflexes.fr\/wp-content\/uploads\/2022\/06\/1-1.jpg 1024w, https:\/\/mlrytvlytdru.i.optimole.com\/w:150\/h:150\/q:mauto\/ig:avif\/https:\/\/integration-reflexes.fr\/wp-content\/uploads\/2022\/06\/1-1.jpg 150w, https:\/\/mlrytvlytdru.i.optimole.com\/w:768\/h:768\/q:mauto\/ig:avif\/https:\/\/integration-reflexes.fr\/wp-content\/uploads\/2022\/06\/1-1.jpg 768w, https:\/\/mlrytvlytdru.i.optimole.com\/w:116\/h:116\/q:mauto\/ig:avif\/https:\/\/integration-reflexes.fr\/wp-content\/uploads\/2022\/06\/1-1.jpg 116w, https:\/\/mlrytvlytdru.i.optimole.com\/w:1080\/h:1080\/q:mauto\/ig:avif\/https:\/\/integration-reflexes.fr\/wp-content\/uploads\/2022\/06\/1-1.jpg 1080w\" \/><\/figure><\/div><\/div>\n<\/div>\n\n\n\n<p>Ainsi, le R\u00e9flexe Tonique Labyrinthique, le R\u00e9flexe de landau, le R\u00e9flexe Tonique Asym\u00e9trique du Cou, le R\u00e9flexe Tonique Sym\u00e9trique du cou, le spinal de Galant, le r\u00e9flexe Amphibien et les r\u00e9flexes des pieds peuvent avoir une place importante dans les troubles rencontr\u00e9s par ces enfants.<\/p>\n\n\n\n<h2 class=\"wp-block-heading\">Troubles de lecture et\/ou d&rsquo;\u00e9criture <\/h2>\n\n\n\n<p>Lorsque certains r\u00e9flexes du b\u00e9b\u00e9 n&rsquo;ont pas pu \u00eatre int\u00e9gr\u00e9s de fa\u00e7on optimale, il est possible que l&rsquo;enfant rencontre des difficult\u00e9s en lecture et en \u00e9criture. <\/p>\n\n\n\n<p>Le principal r\u00e9flexe responsable de ces troubles est le RTAC (R\u00e9flexe Tonique Asym\u00e9trique du Cou). C&rsquo;est celui qui permet aux deux h\u00e9misph\u00e8res c\u00e9r\u00e9brauxde communiquer et de se sp\u00e9cialiser. Il est tr\u00e8s fr\u00e9quent que les personnes souffrant de troubles dys aient un RTAC tr\u00e8s actif. <\/p>\n\n\n\n<p>Le ramper de Bauer, le r\u00e9flexe de Moro ainsi que le RTL (R\u00e9flexe Tonique Labyrintique) doivent \u00e9galement \u00eatre bien int\u00e9gr\u00e9s pour permettre un apprentissage de la lecture et de l&rsquo;\u00e9criture optimal.<\/p>\n\n\n\n<p>Enfin, les r\u00e9flexes des mains (Agrippement et Babkin) pourront, s&rsquo;ils sont encore actifs, emp\u00eacher l&rsquo;enfant d&rsquo;acqurir une graphie fluide et sans tension.<\/p>\n\n\n\n<h2 class=\"wp-block-heading\">Que faire ?<\/h2>\n\n\n\n<p>L&rsquo;int\u00e9gration des r\u00e9flexes archa\u00efques propose des protocoles d&rsquo;accompagnement permettant \u00e0 ces enfants d&rsquo;att\u00e9nuer les difficult\u00e9s rencontr\u00e9es. Par des mouvements rythmiques r\u00e9p\u00e9t\u00e9s quotidiennement, de nouveaux r\u00e9seaux neuronaux vont \u00eatre cr\u00e9\u00e9s et permettre de supprimer les mouvements parasites et de rendre chaque apprentissage plus fuide et efficace.<\/p>\n\n\n\n<p><\/p>\n\n\n\n<h2 class=\"wp-block-heading\">Pr\u00e9sentation des liens entre r\u00e9flexes et apprentissage<\/h2>\n\n\n\n<p>Je peux me d\u00e9placer afin de pr\u00e9senter \u00e0 un public de parents et\/ou d&rsquo;enseignants les liens entre r\u00e9flexes et apprentissage. <\/p>\n\n\n\n<p>N&rsquo;h\u00e9sitez pas \u00e0 me contacter si vous souhaitez organiser un atelier.<\/p>\n\n\n\n<p class=\"has-text-align-center\">Sophie CAPON<br>Praticienne en Int\u00e9gration des r\u00e9flexes archa\u00efques<br>La Maison des colibris &#8211; 77 ter rue Jean Mermoz &#8211; 44340 BOUGUENAIS<br>02 85 52 25 96<\/p>\n","protected":false},"excerpt":{"rendered":"<p>Des r\u00e9flexes int\u00e9gr\u00e9s pour une scolarit\u00e9 plus sereine Pr\u00e8s de 20% des enfants pr\u00e9sentent des&nbsp;difficult\u00e9s&nbsp;scolaires. Celles-ci peuvent jouer sur l&rsquo;apprentissage de la lecture, de l&rsquo;\u00e9criture, des math\u00e9matiques, mais aussi sur les capacit\u00e9s d&rsquo;attention et de concentration des enfants. Il est fr\u00e9quent de penser que les enfants ne font pas assez [&hellip;]<\/p>\n","protected":false},"author":1,"featured_media":0,"parent":82,"menu_order":0,"comment_status":"closed","ping_status":"closed","template":"","meta":{"_themeisle_gutenberg_block_has_review":false,"footnotes":""},"class_list":["post-857","page","type-page","status-publish","hentry"],"yoast_head":"<!-- This site is optimized with the Yoast SEO plugin v25.5 - https:\/\/yoast.com\/wordpress\/plugins\/seo\/ -->\n<title>R\u00e9flexes archa\u00efques et apprentissage - L&#039;int\u00e9gration des r\u00e9flexes archa\u00efques<\/title>\n<meta name=\"robots\" content=\"index, follow, max-snippet:-1, max-image-preview:large, max-video-preview:-1\" \/>\n<link rel=\"canonical\" href=\"https:\/\/integration-reflexes.fr\/?page_id=857\" \/>\n<meta property=\"og:locale\" content=\"fr_FR\" \/>\n<meta property=\"og:type\" content=\"article\" \/>\n<meta property=\"og:title\" content=\"R\u00e9flexes archa\u00efques et apprentissage - L&#039;int\u00e9gration des r\u00e9flexes archa\u00efques\" \/>\n<meta property=\"og:description\" content=\"Des r\u00e9flexes int\u00e9gr\u00e9s pour une scolarit\u00e9 plus sereine Pr\u00e8s de 20% des enfants pr\u00e9sentent des&nbsp;difficult\u00e9s&nbsp;scolaires. Celles-ci peuvent jouer sur l&rsquo;apprentissage de la lecture, de l&rsquo;\u00e9criture, des math\u00e9matiques, mais aussi sur les capacit\u00e9s d&rsquo;attention et de concentration des enfants. Il est fr\u00e9quent de penser que les enfants ne font pas assez [&hellip;]\" \/>\n<meta property=\"og:url\" content=\"https:\/\/integration-reflexes.fr\/?page_id=857\" \/>\n<meta property=\"og:site_name\" content=\"L&#039;int\u00e9gration des r\u00e9flexes archa\u00efques\" \/>\n<meta property=\"article:modified_time\" content=\"2025-05-07T13:15:51+00:00\" \/>\n<meta property=\"og:image\" content=\"https:\/\/mlrytvlytdru.i.optimole.com\/w:300\/h:300\/q:mauto\/ig:avif\/https:\/\/integration-reflexes.fr\/wp-content\/uploads\/2021\/11\/couv-perte-de-moyen.jpg\" \/>\n<meta name=\"twitter:card\" content=\"summary_large_image\" \/>\n<meta name=\"twitter:label1\" content=\"Dur\u00e9e de lecture estim\u00e9e\" \/>\n\t<meta name=\"twitter:data1\" content=\"2 minutes\" \/>\n<script type=\"application\/ld+json\" class=\"yoast-schema-graph\">{\"@context\":\"https:\/\/schema.org\",\"@graph\":[{\"@type\":\"WebPage\",\"@id\":\"https:\/\/integration-reflexes.fr\/?page_id=857\",\"url\":\"https:\/\/integration-reflexes.fr\/?page_id=857\",\"name\":\"R\u00e9flexes archa\u00efques et apprentissage - L&#039;int\u00e9gration des r\u00e9flexes archa\u00efques\",\"isPartOf\":{\"@id\":\"https:\/\/integration-reflexes.fr\/#website\"},\"primaryImageOfPage\":{\"@id\":\"https:\/\/integration-reflexes.fr\/?page_id=857#primaryimage\"},\"image\":{\"@id\":\"https:\/\/integration-reflexes.fr\/?page_id=857#primaryimage\"},\"thumbnailUrl\":\"https:\/\/mlrytvlytdru.i.optimole.com\/w:300\/h:300\/q:mauto\/ig:avif\/https:\/\/integration-reflexes.fr\/wp-content\/uploads\/2021\/11\/couv-perte-de-moyen.jpg\",\"datePublished\":\"2022-06-23T09:00:44+00:00\",\"dateModified\":\"2025-05-07T13:15:51+00:00\",\"breadcrumb\":{\"@id\":\"https:\/\/integration-reflexes.fr\/?page_id=857#breadcrumb\"},\"inLanguage\":\"fr-FR\",\"potentialAction\":[{\"@type\":\"ReadAction\",\"target\":[\"https:\/\/integration-reflexes.fr\/?page_id=857\"]}]},{\"@type\":\"ImageObject\",\"inLanguage\":\"fr-FR\",\"@id\":\"https:\/\/integration-reflexes.fr\/?page_id=857#primaryimage\",\"url\":\"https:\/\/mlrytvlytdru.i.optimole.com\/w:300\/h:300\/q:mauto\/ig:avif\/https:\/\/integration-reflexes.fr\/wp-content\/uploads\/2021\/11\/couv-perte-de-moyen.jpg\",\"contentUrl\":\"https:\/\/mlrytvlytdru.i.optimole.com\/w:300\/h:300\/q:mauto\/ig:avif\/https:\/\/integration-reflexes.fr\/wp-content\/uploads\/2021\/11\/couv-perte-de-moyen.jpg\"},{\"@type\":\"BreadcrumbList\",\"@id\":\"https:\/\/integration-reflexes.fr\/?page_id=857#breadcrumb\",\"itemListElement\":[{\"@type\":\"ListItem\",\"position\":1,\"name\":\"Accueil\",\"item\":\"https:\/\/integration-reflexes.fr\/\"},{\"@type\":\"ListItem\",\"position\":2,\"name\":\"Pourquoi consulter ?\",\"item\":\"https:\/\/integration-reflexes.fr\/?page_id=82\"},{\"@type\":\"ListItem\",\"position\":3,\"name\":\"R\u00e9flexes archa\u00efques et apprentissage\"}]},{\"@type\":\"WebSite\",\"@id\":\"https:\/\/integration-reflexes.fr\/#website\",\"url\":\"https:\/\/integration-reflexes.fr\/\",\"name\":\"L&#039;int\u00e9gration des r\u00e9flexes archa\u00efques\",\"description\":\"Re-connecter corps et cerveau pour retrouver un \u00e9quilibre\",\"publisher\":{\"@id\":\"https:\/\/integration-reflexes.fr\/#organization\"},\"potentialAction\":[{\"@type\":\"SearchAction\",\"target\":{\"@type\":\"EntryPoint\",\"urlTemplate\":\"https:\/\/integration-reflexes.fr\/?s={search_term_string}\"},\"query-input\":{\"@type\":\"PropertyValueSpecification\",\"valueRequired\":true,\"valueName\":\"search_term_string\"}}],\"inLanguage\":\"fr-FR\"},{\"@type\":\"Organization\",\"@id\":\"https:\/\/integration-reflexes.fr\/#organization\",\"name\":\"L&#039;int\u00e9gration des r\u00e9flexes archa\u00efques\",\"url\":\"https:\/\/integration-reflexes.fr\/\",\"logo\":{\"@type\":\"ImageObject\",\"inLanguage\":\"fr-FR\",\"@id\":\"https:\/\/integration-reflexes.fr\/#\/schema\/logo\/image\/\",\"url\":\"https:\/\/mlrytvlytdru.i.optimole.com\/w:auto\/h:auto\/q:mauto\/ig:avif\/https:\/\/integration-reflexes.fr\/wp-content\/uploads\/2021\/07\/cropped-cropped-cropped-logo-IR-transparent.png\",\"contentUrl\":\"https:\/\/mlrytvlytdru.i.optimole.com\/w:auto\/h:auto\/q:mauto\/ig:avif\/https:\/\/integration-reflexes.fr\/wp-content\/uploads\/2021\/07\/cropped-cropped-cropped-logo-IR-transparent.png\",\"width\":1500,\"height\":1494,\"caption\":\"L&#039;int\u00e9gration des r\u00e9flexes archa\u00efques\"},\"image\":{\"@id\":\"https:\/\/integration-reflexes.fr\/#\/schema\/logo\/image\/\"}}]}<\/script>\n<!-- \/ Yoast SEO plugin. -->","yoast_head_json":{"title":"R\u00e9flexes archa\u00efques et apprentissage - L&#039;int\u00e9gration des r\u00e9flexes archa\u00efques","robots":{"index":"index","follow":"follow","max-snippet":"max-snippet:-1","max-image-preview":"max-image-preview:large","max-video-preview":"max-video-preview:-1"},"canonical":"https:\/\/integration-reflexes.fr\/?page_id=857","og_locale":"fr_FR","og_type":"article","og_title":"R\u00e9flexes archa\u00efques et apprentissage - L&#039;int\u00e9gration des r\u00e9flexes archa\u00efques","og_description":"Des r\u00e9flexes int\u00e9gr\u00e9s pour une scolarit\u00e9 plus sereine Pr\u00e8s de 20% des enfants pr\u00e9sentent des&nbsp;difficult\u00e9s&nbsp;scolaires. Celles-ci peuvent jouer sur l&rsquo;apprentissage de la lecture, de l&rsquo;\u00e9criture, des math\u00e9matiques, mais aussi sur les capacit\u00e9s d&rsquo;attention et de concentration des enfants. Il est fr\u00e9quent de penser que les enfants ne font pas assez [&hellip;]","og_url":"https:\/\/integration-reflexes.fr\/?page_id=857","og_site_name":"L&#039;int\u00e9gration des r\u00e9flexes archa\u00efques","article_modified_time":"2025-05-07T13:15:51+00:00","og_image":[{"url":"https:\/\/mlrytvlytdru.i.optimole.com\/w:300\/h:300\/q:mauto\/ig:avif\/https:\/\/integration-reflexes.fr\/wp-content\/uploads\/2021\/11\/couv-perte-de-moyen.jpg","type":"","width":"","height":""}],"twitter_card":"summary_large_image","twitter_misc":{"Dur\u00e9e de lecture estim\u00e9e":"2 minutes"},"schema":{"@context":"https:\/\/schema.org","@graph":[{"@type":"WebPage","@id":"https:\/\/integration-reflexes.fr\/?page_id=857","url":"https:\/\/integration-reflexes.fr\/?page_id=857","name":"R\u00e9flexes archa\u00efques et apprentissage - L&#039;int\u00e9gration des r\u00e9flexes archa\u00efques","isPartOf":{"@id":"https:\/\/integration-reflexes.fr\/#website"},"primaryImageOfPage":{"@id":"https:\/\/integration-reflexes.fr\/?page_id=857#primaryimage"},"image":{"@id":"https:\/\/integration-reflexes.fr\/?page_id=857#primaryimage"},"thumbnailUrl":"https:\/\/mlrytvlytdru.i.optimole.com\/w:300\/h:300\/q:mauto\/ig:avif\/https:\/\/integration-reflexes.fr\/wp-content\/uploads\/2021\/11\/couv-perte-de-moyen.jpg","datePublished":"2022-06-23T09:00:44+00:00","dateModified":"2025-05-07T13:15:51+00:00","breadcrumb":{"@id":"https:\/\/integration-reflexes.fr\/?page_id=857#breadcrumb"},"inLanguage":"fr-FR","potentialAction":[{"@type":"ReadAction","target":["https:\/\/integration-reflexes.fr\/?page_id=857"]}]},{"@type":"ImageObject","inLanguage":"fr-FR","@id":"https:\/\/integration-reflexes.fr\/?page_id=857#primaryimage","url":"https:\/\/mlrytvlytdru.i.optimole.com\/w:300\/h:300\/q:mauto\/ig:avif\/https:\/\/integration-reflexes.fr\/wp-content\/uploads\/2021\/11\/couv-perte-de-moyen.jpg","contentUrl":"https:\/\/mlrytvlytdru.i.optimole.com\/w:300\/h:300\/q:mauto\/ig:avif\/https:\/\/integration-reflexes.fr\/wp-content\/uploads\/2021\/11\/couv-perte-de-moyen.jpg"},{"@type":"BreadcrumbList","@id":"https:\/\/integration-reflexes.fr\/?page_id=857#breadcrumb","itemListElement":[{"@type":"ListItem","position":1,"name":"Accueil","item":"https:\/\/integration-reflexes.fr\/"},{"@type":"ListItem","position":2,"name":"Pourquoi consulter ?","item":"https:\/\/integration-reflexes.fr\/?page_id=82"},{"@type":"ListItem","position":3,"name":"R\u00e9flexes archa\u00efques et apprentissage"}]},{"@type":"WebSite","@id":"https:\/\/integration-reflexes.fr\/#website","url":"https:\/\/integration-reflexes.fr\/","name":"L&#039;int\u00e9gration des r\u00e9flexes archa\u00efques","description":"Re-connecter corps et cerveau pour retrouver un \u00e9quilibre","publisher":{"@id":"https:\/\/integration-reflexes.fr\/#organization"},"potentialAction":[{"@type":"SearchAction","target":{"@type":"EntryPoint","urlTemplate":"https:\/\/integration-reflexes.fr\/?s={search_term_string}"},"query-input":{"@type":"PropertyValueSpecification","valueRequired":true,"valueName":"search_term_string"}}],"inLanguage":"fr-FR"},{"@type":"Organization","@id":"https:\/\/integration-reflexes.fr\/#organization","name":"L&#039;int\u00e9gration des r\u00e9flexes archa\u00efques","url":"https:\/\/integration-reflexes.fr\/","logo":{"@type":"ImageObject","inLanguage":"fr-FR","@id":"https:\/\/integration-reflexes.fr\/#\/schema\/logo\/image\/","url":"https:\/\/mlrytvlytdru.i.optimole.com\/w:auto\/h:auto\/q:mauto\/ig:avif\/https:\/\/integration-reflexes.fr\/wp-content\/uploads\/2021\/07\/cropped-cropped-cropped-logo-IR-transparent.png","contentUrl":"https:\/\/mlrytvlytdru.i.optimole.com\/w:auto\/h:auto\/q:mauto\/ig:avif\/https:\/\/integration-reflexes.fr\/wp-content\/uploads\/2021\/07\/cropped-cropped-cropped-logo-IR-transparent.png","width":1500,"height":1494,"caption":"L&#039;int\u00e9gration des r\u00e9flexes archa\u00efques"},"image":{"@id":"https:\/\/integration-reflexes.fr\/#\/schema\/logo\/image\/"}}]}},"_links":{"self":[{"href":"https:\/\/integration-reflexes.fr\/index.php?rest_route=\/wp\/v2\/pages\/857","targetHints":{"allow":["GET"]}}],"collection":[{"href":"https:\/\/integration-reflexes.fr\/index.php?rest_route=\/wp\/v2\/pages"}],"about":[{"href":"https:\/\/integration-reflexes.fr\/index.php?rest_route=\/wp\/v2\/types\/page"}],"author":[{"embeddable":true,"href":"https:\/\/integration-reflexes.fr\/index.php?rest_route=\/wp\/v2\/users\/1"}],"replies":[{"embeddable":true,"href":"https:\/\/integration-reflexes.fr\/index.php?rest_route=%2Fwp%2Fv2%2Fcomments&post=857"}],"version-history":[{"count":5,"href":"https:\/\/integration-reflexes.fr\/index.php?rest_route=\/wp\/v2\/pages\/857\/revisions"}],"predecessor-version":[{"id":1345,"href":"https:\/\/integration-reflexes.fr\/index.php?rest_route=\/wp\/v2\/pages\/857\/revisions\/1345"}],"up":[{"embeddable":true,"href":"https:\/\/integration-reflexes.fr\/index.php?rest_route=\/wp\/v2\/pages\/82"}],"wp:attachment":[{"href":"https:\/\/integration-reflexes.fr\/index.php?rest_route=%2Fwp%2Fv2%2Fmedia&parent=857"}],"curies":[{"name":"wp","href":"https:\/\/api.w.org\/{rel}","templated":true}]}}