{"id":83,"date":"2021-06-30T18:02:07","date_gmt":"2021-06-30T16:02:07","guid":{"rendered":"http:\/\/integration-reflexes.fr\/?page_id=83"},"modified":"2025-05-07T15:16:29","modified_gmt":"2025-05-07T13:16:29","slug":"seances-et-tarifs","status":"publish","type":"page","link":"https:\/\/integration-reflexes.fr\/?page_id=83","title":{"rendered":"S\u00e9ances r\u00e9flexes archa\u00efques"},"content":{"rendered":"\n<div class=\"wp-block-columns is-layout-flex wp-container-core-columns-is-layout-2 wp-block-columns-is-layout-flex\">\n<div class=\"wp-block-column is-layout-flow wp-block-column-is-layout-flow\" style=\"flex-basis:100%\">\n<div class=\"wp-block-columns is-layout-flex wp-container-core-columns-is-layout-1 wp-block-columns-is-layout-flex\">\n<div class=\"wp-block-column is-layout-flow wp-block-column-is-layout-flow\">\n<p class=\"has-black-color has-text-color\"><strong>Dur\u00e9e<\/strong>: environ une heure<\/p>\n\n\n\n<h4 class=\"wp-block-heading\" id=\"block-3e3c27db-9eba-49e7-bd3e-0606fd57a2aa\"><\/h4>\n\n\n\n<p id=\"block-3e3c27db-9eba-49e7-bd3e-0606fd57a2aa\"><\/p>\n<\/div>\n\n\n\n<div class=\"wp-block-column is-layout-flow wp-block-column-is-layout-flow\">\n<p><strong>Tarif<\/strong>: 60\u20ac<\/p>\n<\/div>\n<\/div>\n\n\n\n<h2 class=\"wp-block-heading has-header-gradient-color has-text-color\">Une s\u00e9ance d&rsquo;int\u00e9gration r\u00e9flexes, qu&rsquo;est-ce que c&rsquo;est?<\/h2>\n\n\n\n<p class=\"has-drop-cap\">L&rsquo;int\u00e9gration r\u00e9flexes est une <strong>pratique psycho-corporelle<\/strong> qui a pour r\u00f4le de <strong>r\u00e9\u00e9duquer le corps et le cerveau<\/strong> d&rsquo;une personne, en lui montrant des mouvements similaires \u00e0 ceux qu&rsquo;il effectuait automatiquement, tout b\u00e9b\u00e9.<br>Suite \u00e0 une \u00ab\u00a0enqu\u00eate\u00a0\u00bb pour d\u00e9couvrir quel(s) r\u00e9flexe(s) peut(vent) \u00eatre en jeu dans la difficult\u00e9 rencontr\u00e9e, je propose des <strong>mouvements <\/strong>pour permettre aux r\u00e9flexes concern\u00e9s de <strong>retourner \u00ab\u00a0au placard\u00a0\u00bb <\/strong>pour laisser la personne tranquille. <br>Ces mouvements sont <strong>des bercements, des pressions douces, des massages tr\u00e8s doux<\/strong>. <\/p>\n<\/div>\n<\/div>\n\n\n\n<h2 class=\"wp-block-heading has-header-gradient-color has-text-color\" id=\"block-412e67bc-2083-4fdf-96c6-5a7dd97e765e\">Comment se passe une s\u00e9ance?<\/h2>\n\n\n\n<figure class=\"wp-block-image size-large is-style-default\"><img data-opt-id=1597966626  fetchpriority=\"high\" decoding=\"async\" width=\"1024\" height=\"461\" src=\"https:\/\/mlrytvlytdru.i.optimole.com\/w:1024\/h:461\/q:mauto\/ig:avif\/http:\/\/integration-reflexes.fr\/wp-content\/uploads\/2021\/07\/IMG_20210616_121928-1.jpg\" alt=\"\" class=\"wp-image-248\" srcset=\"https:\/\/mlrytvlytdru.i.optimole.com\/w:1024\/h:461\/q:mauto\/ig:avif\/https:\/\/integration-reflexes.fr\/wp-content\/uploads\/2021\/07\/IMG_20210616_121928-1-scaled.jpg 1024w, https:\/\/mlrytvlytdru.i.optimole.com\/w:300\/h:135\/q:mauto\/ig:avif\/https:\/\/integration-reflexes.fr\/wp-content\/uploads\/2021\/07\/IMG_20210616_121928-1-scaled.jpg 300w, https:\/\/mlrytvlytdru.i.optimole.com\/w:768\/h:346\/q:mauto\/ig:avif\/https:\/\/integration-reflexes.fr\/wp-content\/uploads\/2021\/07\/IMG_20210616_121928-1-scaled.jpg 768w, https:\/\/mlrytvlytdru.i.optimole.com\/w:1536\/h:692\/q:mauto\/ig:avif\/https:\/\/integration-reflexes.fr\/wp-content\/uploads\/2021\/07\/IMG_20210616_121928-1-scaled.jpg 1536w, https:\/\/mlrytvlytdru.i.optimole.com\/w:1920\/h:864\/q:mauto\/ig:avif\/https:\/\/integration-reflexes.fr\/wp-content\/uploads\/2021\/07\/IMG_20210616_121928-1-scaled.jpg 2048w, https:\/\/mlrytvlytdru.i.optimole.com\/w:228\/h:103\/q:mauto\/ig:avif\/https:\/\/integration-reflexes.fr\/wp-content\/uploads\/2021\/07\/IMG_20210616_121928-1-scaled.jpg 228w\" sizes=\"(max-width: 750px) 100vw, 750px\" \/><\/figure>\n\n\n\n<div id=\"wp-block-themeisle-blocks-accordion-f45c44e4\" class=\"wp-block-themeisle-blocks-accordion exclusive\">\n<details class=\"wp-block-themeisle-blocks-accordion-item\"><summary class=\"wp-block-themeisle-blocks-accordion-item__title\"><div>Avant la premi\u00e8re s\u00e9ance<\/div><\/summary><div class=\"wp-block-themeisle-blocks-accordion-item__content\">\n<p>Un <strong>questionnaire <\/strong>re\u00e7u apr\u00e8s la prise de rendez-vous est renseign\u00e9. Il me permettra de pr\u00e9parer la s\u00e9ance.<\/p>\n<\/div><\/details>\n\n\n\n<details class=\"wp-block-themeisle-blocks-accordion-item\"><summary class=\"wp-block-themeisle-blocks-accordion-item__title\"><div>Les s\u00e9ances bilan<\/div><\/summary><div class=\"wp-block-themeisle-blocks-accordion-item__content\">\n<p>Lors de la premi\u00e8re s\u00e9ance bilan, nous effectuons une anamn\u00e8se : nous \u00e9voquons ensemble vos difficult\u00e9s et votre histoire de vie quand cela s&rsquo;av\u00e8re n\u00e9cessaire. Ils permettent d&rsquo;aihuiller la suite du travail en r\u00e9flexes. <br>Un <strong>objectif individuel<\/strong> est d\u00e9fini avec mon aide.<br>Pour les enfants jusqu&rsquo;\u00e0 12 ans, cette premi\u00e8re s\u00e9ance est effectu\u00e9e par t\u00e9l\u00e9phone, ce qui permet de r\u00e9duire le temps de s\u00e9ance et d&rsquo;\u00e9viter aux enfants d&rsquo;entendre &#8211; encore une fois &#8211; leur histoire et leurs difficult\u00e9s.<\/p>\n\n\n\n<p><\/p>\n\n\n\n<p>Lors de la deuxi\u00e8me s\u00e9ance bilan, <strong>les tests r\u00e9flexes<\/strong> pertinents sont effectu\u00e9s, afin d&rsquo;avoir une vue d&rsquo;ensemble des r\u00e9flexes archa\u00efques \u00e0 travailler.<br>Lorsque cela est judicieux, je commence l&rsquo;int\u00e9gration des r\u00e9flexes lors de cette s\u00e9ance, gr\u00e2ce \u00e0 l&rsquo;outil de la Brain Th\u00e9rapy. <br>Des <strong>mouvements rythmiques<\/strong> permettant une meilleure int\u00e9gration du ou des r\u00e9flexes li\u00e9s \u00e0 l&rsquo;objectif sont propos\u00e9s.<br>Parmi les propositions de mouvements seront retenus ceux qui paraissent les plus <strong>agr\u00e9ables<\/strong>.<\/p>\n<\/div><\/details>\n\n\n\n<details class=\"wp-block-themeisle-blocks-accordion-item\"><summary class=\"wp-block-themeisle-blocks-accordion-item__title\"><div>Entre les s\u00e9ances<\/div><\/summary><div class=\"wp-block-themeisle-blocks-accordion-item__content\">\n<p>En ayant toujours en vue l&rsquo;objectif, les <strong>mouvements <\/strong>sont effectu\u00e9s <strong>quotidiennement<\/strong>.<br>Les s\u00e9ances suivantes seront espac\u00e9es de 4 semaines environ. Un <strong>bilan <\/strong>des semaines pass\u00e9es y sera fait et des \u00e9volutions pourront \u00eatre apport\u00e9es \u00e0 <strong>l&rsquo;objectif <\/strong>et\/ou aux <strong>mouvements<\/strong>.<\/p>\n<\/div><\/details>\n<\/div>\n\n\n\n<h2 class=\"wp-block-heading has-text-align-center has-header-gradient-color has-text-color\">A savoir<\/h2>\n\n\n\n<p class=\"has-text-align-center\">Il est pr\u00e9f\u00e9rable de venir dans une <strong>tenue confortable<\/strong>.<br>Aucun mat\u00e9riel n&rsquo;est n\u00e9cessaire, tout est sur place.<\/p>\n\n\n\n<div class=\"wp-block-buttons is-content-justification-center is-layout-flex wp-container-core-buttons-is-layout-1 wp-block-buttons-is-layout-flex\">\n<div class=\"wp-block-button\"><a class=\"wp-block-button__link has-accent-background-color has-background wp-element-button\" href=\"https:\/\/www.resalib.fr\/praticien\/45284-sophie-capon-praticien-en-integration-des-reflexes-archaiques-bouguenais#newrdvmodal\">Prendre rendez-vous<\/a><\/div>\n<\/div>\n\n\n\n<div class=\"wp-block-columns is-layout-flex wp-container-core-columns-is-layout-3 wp-block-columns-is-layout-flex\">\n<div class=\"wp-block-column is-layout-flow wp-block-column-is-layout-flow\" style=\"flex-basis:100%\">\n<div class=\"wp-block-group\"><div class=\"wp-block-group__inner-container is-layout-flow wp-block-group-is-layout-flow\">\n<div class=\"wp-block-group\"><div class=\"wp-block-group__inner-container is-layout-flow wp-block-group-is-layout-flow\"><\/div><\/div>\n<\/div><\/div>\n<\/div>\n<\/div>\n\n\n\n<div class=\"wp-block-group\"><div class=\"wp-block-group__inner-container is-layout-flow wp-block-group-is-layout-flow\">\n<p class=\"has-text-align-center\">Sophie CAPON<br>Praticienne en Int\u00e9gration des r\u00e9flexes archa\u00efques<br>La Maison des colibris &#8211; 77 ter rue Jean Mermoz &#8211; 44340 BOUGUENAIS<br>02 85 52 25 96<\/p>\n<\/div><\/div>\n\n\n\n<div class=\"wp-block-group\"><div class=\"wp-block-group__inner-container is-layout-flow wp-block-group-is-layout-flow\"><\/div><\/div>\n","protected":false},"excerpt":{"rendered":"<p>Dur\u00e9e: environ une heure Tarif: 60\u20ac Une s\u00e9ance d&rsquo;int\u00e9gration r\u00e9flexes, qu&rsquo;est-ce que c&rsquo;est? L&rsquo;int\u00e9gration r\u00e9flexes est une pratique psycho-corporelle qui a pour r\u00f4le de r\u00e9\u00e9duquer le corps et le cerveau d&rsquo;une personne, en lui montrant des mouvements similaires \u00e0 ceux qu&rsquo;il effectuait automatiquement, tout b\u00e9b\u00e9.Suite \u00e0 une \u00ab\u00a0enqu\u00eate\u00a0\u00bb pour d\u00e9couvrir [&hellip;]<\/p>\n","protected":false},"author":1,"featured_media":0,"parent":0,"menu_order":0,"comment_status":"closed","ping_status":"closed","template":"","meta":{"_themeisle_gutenberg_block_has_review":false,"footnotes":""},"class_list":["post-83","page","type-page","status-publish","hentry"],"yoast_head":"<!-- This site is optimized with the Yoast SEO plugin v25.5 - https:\/\/yoast.com\/wordpress\/plugins\/seo\/ -->\n<title>S\u00e9ances r\u00e9flexes archa\u00efques - L&#039;int\u00e9gration des r\u00e9flexes archa\u00efques<\/title>\n<meta name=\"robots\" content=\"index, follow, max-snippet:-1, max-image-preview:large, max-video-preview:-1\" \/>\n<link rel=\"canonical\" href=\"https:\/\/integration-reflexes.fr\/?page_id=83\" \/>\n<meta property=\"og:locale\" content=\"fr_FR\" \/>\n<meta property=\"og:type\" content=\"article\" \/>\n<meta property=\"og:title\" content=\"S\u00e9ances r\u00e9flexes archa\u00efques - L&#039;int\u00e9gration des r\u00e9flexes archa\u00efques\" \/>\n<meta property=\"og:description\" content=\"Dur\u00e9e: environ une heure Tarif: 60\u20ac Une s\u00e9ance d&rsquo;int\u00e9gration r\u00e9flexes, qu&rsquo;est-ce que c&rsquo;est? L&rsquo;int\u00e9gration r\u00e9flexes est une pratique psycho-corporelle qui a pour r\u00f4le de r\u00e9\u00e9duquer le corps et le cerveau d&rsquo;une personne, en lui montrant des mouvements similaires \u00e0 ceux qu&rsquo;il effectuait automatiquement, tout b\u00e9b\u00e9.Suite \u00e0 une \u00ab\u00a0enqu\u00eate\u00a0\u00bb pour d\u00e9couvrir [&hellip;]\" \/>\n<meta property=\"og:url\" content=\"https:\/\/integration-reflexes.fr\/?page_id=83\" \/>\n<meta property=\"og:site_name\" content=\"L&#039;int\u00e9gration des r\u00e9flexes archa\u00efques\" \/>\n<meta property=\"article:modified_time\" content=\"2025-05-07T13:16:29+00:00\" \/>\n<meta property=\"og:image\" content=\"https:\/\/mlrytvlytdru.i.optimole.com\/w:1024\/h:461\/q:mauto\/ig:avif\/http:\/\/integration-reflexes.fr\/wp-content\/uploads\/2021\/07\/IMG_20210616_121928-1.jpg\" \/>\n<meta name=\"twitter:card\" content=\"summary_large_image\" \/>\n<meta name=\"twitter:label1\" content=\"Dur\u00e9e de lecture estim\u00e9e\" \/>\n\t<meta name=\"twitter:data1\" content=\"2 minutes\" \/>\n<script type=\"application\/ld+json\" class=\"yoast-schema-graph\">{\"@context\":\"https:\/\/schema.org\",\"@graph\":[{\"@type\":\"WebPage\",\"@id\":\"https:\/\/integration-reflexes.fr\/?page_id=83\",\"url\":\"https:\/\/integration-reflexes.fr\/?page_id=83\",\"name\":\"S\u00e9ances r\u00e9flexes archa\u00efques - L&#039;int\u00e9gration des r\u00e9flexes archa\u00efques\",\"isPartOf\":{\"@id\":\"https:\/\/integration-reflexes.fr\/#website\"},\"primaryImageOfPage\":{\"@id\":\"https:\/\/integration-reflexes.fr\/?page_id=83#primaryimage\"},\"image\":{\"@id\":\"https:\/\/integration-reflexes.fr\/?page_id=83#primaryimage\"},\"thumbnailUrl\":\"https:\/\/mlrytvlytdru.i.optimole.com\/w:1024\/h:461\/q:mauto\/ig:avif\/http:\/\/integration-reflexes.fr\/wp-content\/uploads\/2021\/07\/IMG_20210616_121928-1.jpg\",\"datePublished\":\"2021-06-30T16:02:07+00:00\",\"dateModified\":\"2025-05-07T13:16:29+00:00\",\"breadcrumb\":{\"@id\":\"https:\/\/integration-reflexes.fr\/?page_id=83#breadcrumb\"},\"inLanguage\":\"fr-FR\",\"potentialAction\":[{\"@type\":\"ReadAction\",\"target\":[\"https:\/\/integration-reflexes.fr\/?page_id=83\"]}]},{\"@type\":\"ImageObject\",\"inLanguage\":\"fr-FR\",\"@id\":\"https:\/\/integration-reflexes.fr\/?page_id=83#primaryimage\",\"url\":\"https:\/\/mlrytvlytdru.i.optimole.com\/w:auto\/h:auto\/q:mauto\/ig:avif\/https:\/\/integration-reflexes.fr\/wp-content\/uploads\/2021\/07\/IMG_20210616_121928-1-scaled.jpg\",\"contentUrl\":\"https:\/\/mlrytvlytdru.i.optimole.com\/w:auto\/h:auto\/q:mauto\/ig:avif\/https:\/\/integration-reflexes.fr\/wp-content\/uploads\/2021\/07\/IMG_20210616_121928-1-scaled.jpg\",\"width\":2560,\"height\":1153,\"caption\":\"Sophie Capon, praticienne en int\u00e9gration des r\u00e9flexes archa\u00efques, la maison des colibris, Bouguenais 44\"},{\"@type\":\"BreadcrumbList\",\"@id\":\"https:\/\/integration-reflexes.fr\/?page_id=83#breadcrumb\",\"itemListElement\":[{\"@type\":\"ListItem\",\"position\":1,\"name\":\"Accueil\",\"item\":\"https:\/\/integration-reflexes.fr\/\"},{\"@type\":\"ListItem\",\"position\":2,\"name\":\"S\u00e9ances r\u00e9flexes archa\u00efques\"}]},{\"@type\":\"WebSite\",\"@id\":\"https:\/\/integration-reflexes.fr\/#website\",\"url\":\"https:\/\/integration-reflexes.fr\/\",\"name\":\"L&#039;int\u00e9gration des r\u00e9flexes archa\u00efques\",\"description\":\"Re-connecter corps et cerveau pour retrouver un \u00e9quilibre\",\"publisher\":{\"@id\":\"https:\/\/integration-reflexes.fr\/#organization\"},\"potentialAction\":[{\"@type\":\"SearchAction\",\"target\":{\"@type\":\"EntryPoint\",\"urlTemplate\":\"https:\/\/integration-reflexes.fr\/?s={search_term_string}\"},\"query-input\":{\"@type\":\"PropertyValueSpecification\",\"valueRequired\":true,\"valueName\":\"search_term_string\"}}],\"inLanguage\":\"fr-FR\"},{\"@type\":\"Organization\",\"@id\":\"https:\/\/integration-reflexes.fr\/#organization\",\"name\":\"L&#039;int\u00e9gration des r\u00e9flexes archa\u00efques\",\"url\":\"https:\/\/integration-reflexes.fr\/\",\"logo\":{\"@type\":\"ImageObject\",\"inLanguage\":\"fr-FR\",\"@id\":\"https:\/\/integration-reflexes.fr\/#\/schema\/logo\/image\/\",\"url\":\"https:\/\/mlrytvlytdru.i.optimole.com\/w:auto\/h:auto\/q:mauto\/ig:avif\/https:\/\/integration-reflexes.fr\/wp-content\/uploads\/2021\/07\/cropped-cropped-cropped-logo-IR-transparent.png\",\"contentUrl\":\"https:\/\/mlrytvlytdru.i.optimole.com\/w:auto\/h:auto\/q:mauto\/ig:avif\/https:\/\/integration-reflexes.fr\/wp-content\/uploads\/2021\/07\/cropped-cropped-cropped-logo-IR-transparent.png\",\"width\":1500,\"height\":1494,\"caption\":\"L&#039;int\u00e9gration des r\u00e9flexes archa\u00efques\"},\"image\":{\"@id\":\"https:\/\/integration-reflexes.fr\/#\/schema\/logo\/image\/\"}}]}<\/script>\n<!-- \/ Yoast SEO plugin. -->","yoast_head_json":{"title":"S\u00e9ances r\u00e9flexes archa\u00efques - L&#039;int\u00e9gration des r\u00e9flexes archa\u00efques","robots":{"index":"index","follow":"follow","max-snippet":"max-snippet:-1","max-image-preview":"max-image-preview:large","max-video-preview":"max-video-preview:-1"},"canonical":"https:\/\/integration-reflexes.fr\/?page_id=83","og_locale":"fr_FR","og_type":"article","og_title":"S\u00e9ances r\u00e9flexes archa\u00efques - L&#039;int\u00e9gration des r\u00e9flexes archa\u00efques","og_description":"Dur\u00e9e: environ une heure Tarif: 60\u20ac Une s\u00e9ance d&rsquo;int\u00e9gration r\u00e9flexes, qu&rsquo;est-ce que c&rsquo;est? L&rsquo;int\u00e9gration r\u00e9flexes est une pratique psycho-corporelle qui a pour r\u00f4le de r\u00e9\u00e9duquer le corps et le cerveau d&rsquo;une personne, en lui montrant des mouvements similaires \u00e0 ceux qu&rsquo;il effectuait automatiquement, tout b\u00e9b\u00e9.Suite \u00e0 une \u00ab\u00a0enqu\u00eate\u00a0\u00bb pour d\u00e9couvrir [&hellip;]","og_url":"https:\/\/integration-reflexes.fr\/?page_id=83","og_site_name":"L&#039;int\u00e9gration des r\u00e9flexes archa\u00efques","article_modified_time":"2025-05-07T13:16:29+00:00","og_image":[{"url":"https:\/\/mlrytvlytdru.i.optimole.com\/w:1024\/h:461\/q:mauto\/ig:avif\/http:\/\/integration-reflexes.fr\/wp-content\/uploads\/2021\/07\/IMG_20210616_121928-1.jpg","type":"","width":"","height":""}],"twitter_card":"summary_large_image","twitter_misc":{"Dur\u00e9e de lecture estim\u00e9e":"2 minutes"},"schema":{"@context":"https:\/\/schema.org","@graph":[{"@type":"WebPage","@id":"https:\/\/integration-reflexes.fr\/?page_id=83","url":"https:\/\/integration-reflexes.fr\/?page_id=83","name":"S\u00e9ances r\u00e9flexes archa\u00efques - L&#039;int\u00e9gration des r\u00e9flexes archa\u00efques","isPartOf":{"@id":"https:\/\/integration-reflexes.fr\/#website"},"primaryImageOfPage":{"@id":"https:\/\/integration-reflexes.fr\/?page_id=83#primaryimage"},"image":{"@id":"https:\/\/integration-reflexes.fr\/?page_id=83#primaryimage"},"thumbnailUrl":"https:\/\/mlrytvlytdru.i.optimole.com\/w:1024\/h:461\/q:mauto\/ig:avif\/http:\/\/integration-reflexes.fr\/wp-content\/uploads\/2021\/07\/IMG_20210616_121928-1.jpg","datePublished":"2021-06-30T16:02:07+00:00","dateModified":"2025-05-07T13:16:29+00:00","breadcrumb":{"@id":"https:\/\/integration-reflexes.fr\/?page_id=83#breadcrumb"},"inLanguage":"fr-FR","potentialAction":[{"@type":"ReadAction","target":["https:\/\/integration-reflexes.fr\/?page_id=83"]}]},{"@type":"ImageObject","inLanguage":"fr-FR","@id":"https:\/\/integration-reflexes.fr\/?page_id=83#primaryimage","url":"https:\/\/mlrytvlytdru.i.optimole.com\/w:auto\/h:auto\/q:mauto\/ig:avif\/https:\/\/integration-reflexes.fr\/wp-content\/uploads\/2021\/07\/IMG_20210616_121928-1-scaled.jpg","contentUrl":"https:\/\/mlrytvlytdru.i.optimole.com\/w:auto\/h:auto\/q:mauto\/ig:avif\/https:\/\/integration-reflexes.fr\/wp-content\/uploads\/2021\/07\/IMG_20210616_121928-1-scaled.jpg","width":2560,"height":1153,"caption":"Sophie Capon, praticienne en int\u00e9gration des r\u00e9flexes archa\u00efques, la maison des colibris, Bouguenais 44"},{"@type":"BreadcrumbList","@id":"https:\/\/integration-reflexes.fr\/?page_id=83#breadcrumb","itemListElement":[{"@type":"ListItem","position":1,"name":"Accueil","item":"https:\/\/integration-reflexes.fr\/"},{"@type":"ListItem","position":2,"name":"S\u00e9ances r\u00e9flexes archa\u00efques"}]},{"@type":"WebSite","@id":"https:\/\/integration-reflexes.fr\/#website","url":"https:\/\/integration-reflexes.fr\/","name":"L&#039;int\u00e9gration des r\u00e9flexes archa\u00efques","description":"Re-connecter corps et cerveau pour retrouver un \u00e9quilibre","publisher":{"@id":"https:\/\/integration-reflexes.fr\/#organization"},"potentialAction":[{"@type":"SearchAction","target":{"@type":"EntryPoint","urlTemplate":"https:\/\/integration-reflexes.fr\/?s={search_term_string}"},"query-input":{"@type":"PropertyValueSpecification","valueRequired":true,"valueName":"search_term_string"}}],"inLanguage":"fr-FR"},{"@type":"Organization","@id":"https:\/\/integration-reflexes.fr\/#organization","name":"L&#039;int\u00e9gration des r\u00e9flexes archa\u00efques","url":"https:\/\/integration-reflexes.fr\/","logo":{"@type":"ImageObject","inLanguage":"fr-FR","@id":"https:\/\/integration-reflexes.fr\/#\/schema\/logo\/image\/","url":"https:\/\/mlrytvlytdru.i.optimole.com\/w:auto\/h:auto\/q:mauto\/ig:avif\/https:\/\/integration-reflexes.fr\/wp-content\/uploads\/2021\/07\/cropped-cropped-cropped-logo-IR-transparent.png","contentUrl":"https:\/\/mlrytvlytdru.i.optimole.com\/w:auto\/h:auto\/q:mauto\/ig:avif\/https:\/\/integration-reflexes.fr\/wp-content\/uploads\/2021\/07\/cropped-cropped-cropped-logo-IR-transparent.png","width":1500,"height":1494,"caption":"L&#039;int\u00e9gration des r\u00e9flexes archa\u00efques"},"image":{"@id":"https:\/\/integration-reflexes.fr\/#\/schema\/logo\/image\/"}}]}},"_links":{"self":[{"href":"https:\/\/integration-reflexes.fr\/index.php?rest_route=\/wp\/v2\/pages\/83","targetHints":{"allow":["GET"]}}],"collection":[{"href":"https:\/\/integration-reflexes.fr\/index.php?rest_route=\/wp\/v2\/pages"}],"about":[{"href":"https:\/\/integration-reflexes.fr\/index.php?rest_route=\/wp\/v2\/types\/page"}],"author":[{"embeddable":true,"href":"https:\/\/integration-reflexes.fr\/index.php?rest_route=\/wp\/v2\/users\/1"}],"replies":[{"embeddable":true,"href":"https:\/\/integration-reflexes.fr\/index.php?rest_route=%2Fwp%2Fv2%2Fcomments&post=83"}],"version-history":[{"count":43,"href":"https:\/\/integration-reflexes.fr\/index.php?rest_route=\/wp\/v2\/pages\/83\/revisions"}],"predecessor-version":[{"id":1347,"href":"https:\/\/integration-reflexes.fr\/index.php?rest_route=\/wp\/v2\/pages\/83\/revisions\/1347"}],"wp:attachment":[{"href":"https:\/\/integration-reflexes.fr\/index.php?rest_route=%2Fwp%2Fv2%2Fmedia&parent=83"}],"curies":[{"name":"wp","href":"https:\/\/api.w.org\/{rel}","templated":true}]}}