{"id":82,"date":"2021-06-30T18:02:07","date_gmt":"2021-06-30T16:02:07","guid":{"rendered":"http:\/\/integration-reflexes.fr\/?page_id=82"},"modified":"2024-03-29T16:27:55","modified_gmt":"2024-03-29T15:27:55","slug":"pourquoi-consulter","status":"publish","type":"page","link":"https:\/\/integration-reflexes.fr\/?page_id=82","title":{"rendered":"Pourquoi consulter ?"},"content":{"rendered":"\n<h1 class=\"has-text-align-center wp-block-heading\">Deuxi\u00e8me chance&#8230;<\/h1>\n\n\n\n<p class=\"has-drop-cap\">\u00ab\u00a0Mon enfant n&rsquo;arrive pas \u00e0 rattraper un ballon\u00a0\u00bb, \u00ab\u00a0J&rsquo;ai du mal \u00e0 g\u00e9rer mes \u00e9motions\u00a0\u00bb, \u00ab\u00a0Ecrire me fait mal au bras\u00a0\u00bb, \u00ab\u00a0Ma fille a beaucoup de mal \u00e0 se concentrer\u00a0\u00bb, \u00ab\u00a0Mon dernier ne tient pas en place\u00a0\u00bb. Autant de probl\u00e9matiques du quotidien qui peuvent avoir une explication par les r\u00e9flexes. En effet, une int\u00e9gration insuffisante des r\u00e9flexes peut engendrer des mouvements parasites qui compliquent la vie. Alors pourquoi ne pas consulter?<\/p>\n\n\n\n<h2 class=\"has-header-gradient-color has-text-color wp-block-heading\">Qui peut consulter ?<\/h2>\n\n\n\n<p class=\"has-drop-cap\">B\u00e9b\u00e9, enfant, adulte,&#8230; <br>Toute personne rencontrant des difficult\u00e9s \u00e9motionnelles, posturales ou cognitives peut consulter. En effet, \u00e0 chaque \u00e2ge, une int\u00e9gration des r\u00e9flexes insuffisante peut entra\u00eener des compensations qui empoisonnent la vie. L&rsquo;int\u00e9gration des r\u00e9flexes est donc une deuxi\u00e8me chance offerte \u00e0 notre corps. Elle est adapt\u00e9e \u00e0 chaque moment de la vie.<\/p>\n\n\n\n<h2 class=\"has-header-gradient-color has-text-color wp-block-heading\">Pour quelles difficult\u00e9s ?<\/h2>\n\n\n\n<div class=\"wp-block-columns is-layout-flex wp-container-core-columns-is-layout-1 wp-block-columns-is-layout-flex\">\n<div class=\"wp-block-column is-vertically-aligned-center is-layout-flow wp-block-column-is-layout-flow\" style=\"flex-basis:100%\">\n<div class=\"wp-block-group\"><div class=\"wp-block-group__inner-container is-layout-flow wp-block-group-is-layout-flow\">\n<figure class=\"wp-block-image size-large\"><img data-opt-id=1778408844  fetchpriority=\"high\" decoding=\"async\" width=\"839\" height=\"777\" src=\"https:\/\/mlrytvlytdru.i.optimole.com\/w:auto\/h:auto\/q:mauto\/ig:avif\/http:\/\/integration-reflexes.fr\/wp-content\/uploads\/2021\/07\/difficultes-1.png\" alt=\"\" class=\"wp-image-228\" srcset=\"https:\/\/mlrytvlytdru.i.optimole.com\/w:839\/h:777\/q:mauto\/ig:avif\/https:\/\/integration-reflexes.fr\/wp-content\/uploads\/2021\/07\/difficultes-1.png 839w, https:\/\/mlrytvlytdru.i.optimole.com\/w:300\/h:278\/q:mauto\/ig:avif\/https:\/\/integration-reflexes.fr\/wp-content\/uploads\/2021\/07\/difficultes-1.png 300w, https:\/\/mlrytvlytdru.i.optimole.com\/w:768\/h:711\/q:mauto\/ig:avif\/https:\/\/integration-reflexes.fr\/wp-content\/uploads\/2021\/07\/difficultes-1.png 768w, https:\/\/mlrytvlytdru.i.optimole.com\/w:125\/h:116\/q:mauto\/ig:avif\/https:\/\/integration-reflexes.fr\/wp-content\/uploads\/2021\/07\/difficultes-1.png 125w\" sizes=\"(max-width: 750px) 100vw, 750px\" \/><\/figure>\n<\/div><\/div>\n\n\n\n<div id=\"wp-block-themeisle-blocks-accordion-0547f0cf\" class=\"wp-block-themeisle-blocks-accordion exclusive\">\n<details class=\"wp-block-themeisle-blocks-accordion-item\"><summary class=\"wp-block-themeisle-blocks-accordion-item__title\"><div>Au niveau du corps, de la posture<\/div><\/summary><div class=\"wp-block-themeisle-blocks-accordion-item__content\">\n<ul class=\"wp-block-list\"><li>Douleurs musculaires<\/li><li>Tensions<\/li><li>Hypersensibilit\u00e9 tactile<\/li><li>Maladresse<\/li><li><a href=\"http:\/\/integration-reflexes.fr\/?tag=coordination\">Coordination<\/a><\/li><li>Equilibre<\/li><li>Mauvaise posture<\/li><li><a href=\"http:\/\/integration-reflexes.fr\/?tag=mal-des-transports\">Mal des transports<\/a><\/li><li><a href=\"http:\/\/integration-reflexes.fr\/?p=653\">Enur\u00e9sie<\/a><\/li><\/ul>\n<\/div><\/details>\n\n\n\n<details class=\"wp-block-themeisle-blocks-accordion-item\"><summary class=\"wp-block-themeisle-blocks-accordion-item__title\"><div>Au niveau \u00e9motionnel<\/div><\/summary><div class=\"wp-block-themeisle-blocks-accordion-item__content\">\n<ul class=\"wp-block-list\"><li><a href=\"http:\/\/integration-reflexes.fr\/?tag=sommeil\">Trouble du sommeil<\/a><\/li><li>Trouble de l&rsquo;oralit\u00e9<\/li><li><a href=\"http:\/\/integration-reflexes.fr\/?tag=tinidite\">Timidit\u00e9<\/a><\/li><li><a href=\"http:\/\/integration-reflexes.fr\/?p=641\">Gestion difficile des \u00e9motions<\/a><\/li><li><a href=\"http:\/\/integration-reflexes.fr\/?cat=97\">Stress<\/a><\/li><li><a href=\"http:\/\/integration-reflexes.fr\/?p=657\">Peurs<\/a>, anxi\u00e9t\u00e9<\/li><li>Peur du changement<\/li><li>Phobies<\/li><li>Manque de confiance<\/li><\/ul>\n\n\n\n<div id=\"wp-block-themeisle-blocks-accordion-41a567ef\" class=\"wp-block-themeisle-blocks-accordion exclusive\"><\/div>\n<\/div><\/details>\n\n\n\n<details class=\"wp-block-themeisle-blocks-accordion-item\"><summary class=\"wp-block-themeisle-blocks-accordion-item__title\"><div>Au niveau cognitif<\/div><\/summary><div class=\"wp-block-themeisle-blocks-accordion-item__content\">\n<ul class=\"wp-block-list\" id=\"block-eeccb7d9-b7f3-4838-9ffe-9cdf0ba2fa49\"><li><a href=\"http:\/\/integration-reflexes.fr\/?tag=concentration\">Concentration<\/a><\/li><li>Attention<\/li><li>M\u00e9moire<\/li><li>Prononciation<\/li><li>Articulation<\/li><li><a href=\"http:\/\/integration-reflexes.fr\/?tag=lecture\">Rapidit\u00e9 de lecture<\/a><\/li><li>Fluidit\u00e9 de lecture<\/li><li>Compr\u00e9hension<\/li><li>Ecriture<\/li><li>Orthographe<\/li><li>Organisation<\/li><li>Planification<\/li><\/ul>\n<\/div><\/details>\n<\/div>\n\n\n\n<p><a href=\"http:\/\/integration-reflexes.fr\/?page_id=735\" data-type=\"URL\" data-id=\"http:\/\/integration-reflexes.fr\/?page_id=735\">en savoir plus sur R\u00e9flexes et Sommeil<\/a><\/p>\n\n\n\n<p><a href=\"http:\/\/integration-reflexes.fr\/?page_id=794\" data-type=\"URL\" data-id=\"http:\/\/integration-reflexes.fr\/?page_id=794\">en savoir plus sur R\u00e9flexes et Confiance en soi<\/a><\/p>\n\n\n\n<div id=\"wp-block-themeisle-blocks-accordion-8636616e\" class=\"wp-block-themeisle-blocks-accordion exclusive\"><\/div>\n\n\n\n<div id=\"wp-block-themeisle-blocks-accordion-1f717d21\" class=\"wp-block-themeisle-blocks-accordion exclusive\"><\/div>\n\n\n\n<div id=\"wp-block-themeisle-blocks-accordion-80e352a7\" class=\"wp-block-themeisle-blocks-accordion exclusive\"><\/div>\n\n\n\n<div class=\"wp-block-group\"><div class=\"wp-block-group__inner-container is-layout-flow wp-block-group-is-layout-flow\">\n<div class=\"wp-block-buttons is-layout-flex wp-block-buttons-is-layout-flex\">\n<div class=\"wp-block-button has-custom-width wp-block-button__width-100\"><a class=\"wp-block-button__link has-accent-background-color has-background\" href=\"http:\/\/integration-reflexes.fr\/?page_id=91\">Comment d\u00e9finir son objectif ?<\/a><\/div>\n<\/div>\n<\/div><\/div>\n\n\n\n<div class=\"wp-block-group\"><div class=\"wp-block-group__inner-container is-layout-flow wp-block-group-is-layout-flow\">\n<h5 id=\"wp-block-themeisle-blocks-advanced-heading-6a377fcd\" class=\"wp-block-themeisle-blocks-advanced-heading wp-block-themeisle-blocks-advanced-heading-6a377fcd\">Sophie CAPON <\/h5>\n\n\n\n<h5 id=\"wp-block-themeisle-blocks-advanced-heading-c74512fd\" class=\"wp-block-themeisle-blocks-advanced-heading wp-block-themeisle-blocks-advanced-heading-c74512fd\">Praticienne en Int\u00e9gration des R\u00e9flexes Archa\u00efques<\/h5>\n\n\n\n<p class=\"has-text-align-center\">La maison des colibris<\/p>\n\n\n\n<p class=\"has-text-align-center\">77 ter rue Jean Mermoz &#8211; BOUGUENAIS<\/p>\n\n\n\n<p class=\"has-text-align-center\">02 85 52 25 96<\/p>\n<\/div><\/div>\n<\/div>\n<\/div>\n","protected":false},"excerpt":{"rendered":"<p>Deuxi\u00e8me chance&#8230; \u00ab\u00a0Mon enfant n&rsquo;arrive pas \u00e0 rattraper un ballon\u00a0\u00bb, \u00ab\u00a0J&rsquo;ai du mal \u00e0 g\u00e9rer mes \u00e9motions\u00a0\u00bb, \u00ab\u00a0Ecrire me fait mal au bras\u00a0\u00bb, \u00ab\u00a0Ma fille a beaucoup de mal \u00e0 se concentrer\u00a0\u00bb, \u00ab\u00a0Mon dernier ne tient pas en place\u00a0\u00bb. Autant de probl\u00e9matiques du quotidien qui peuvent avoir une explication par [&hellip;]<\/p>\n","protected":false},"author":1,"featured_media":0,"parent":0,"menu_order":0,"comment_status":"closed","ping_status":"closed","template":"","meta":{"_themeisle_gutenberg_block_has_review":false,"footnotes":""},"class_list":["post-82","page","type-page","status-publish","hentry"],"yoast_head":"<!-- This site is optimized with the Yoast SEO plugin v25.5 - https:\/\/yoast.com\/wordpress\/plugins\/seo\/ -->\n<title>Pourquoi consulter ? - L&#039;int\u00e9gration des r\u00e9flexes archa\u00efques<\/title>\n<meta name=\"robots\" content=\"index, follow, max-snippet:-1, max-image-preview:large, max-video-preview:-1\" \/>\n<link rel=\"canonical\" href=\"https:\/\/integration-reflexes.fr\/?page_id=82\" \/>\n<meta property=\"og:locale\" content=\"fr_FR\" \/>\n<meta property=\"og:type\" content=\"article\" \/>\n<meta property=\"og:title\" content=\"Pourquoi consulter ? - L&#039;int\u00e9gration des r\u00e9flexes archa\u00efques\" \/>\n<meta property=\"og:description\" content=\"Deuxi\u00e8me chance&#8230; \u00ab\u00a0Mon enfant n&rsquo;arrive pas \u00e0 rattraper un ballon\u00a0\u00bb, \u00ab\u00a0J&rsquo;ai du mal \u00e0 g\u00e9rer mes \u00e9motions\u00a0\u00bb, \u00ab\u00a0Ecrire me fait mal au bras\u00a0\u00bb, \u00ab\u00a0Ma fille a beaucoup de mal \u00e0 se concentrer\u00a0\u00bb, \u00ab\u00a0Mon dernier ne tient pas en place\u00a0\u00bb. Autant de probl\u00e9matiques du quotidien qui peuvent avoir une explication par [&hellip;]\" \/>\n<meta property=\"og:url\" content=\"https:\/\/integration-reflexes.fr\/?page_id=82\" \/>\n<meta property=\"og:site_name\" content=\"L&#039;int\u00e9gration des r\u00e9flexes archa\u00efques\" \/>\n<meta property=\"article:modified_time\" content=\"2024-03-29T15:27:55+00:00\" \/>\n<meta property=\"og:image\" content=\"https:\/\/mlrytvlytdru.i.optimole.com\/w:auto\/h:auto\/q:mauto\/ig:avif\/http:\/\/integration-reflexes.fr\/wp-content\/uploads\/2021\/07\/difficultes-1.png\" \/>\n<meta name=\"twitter:card\" content=\"summary_large_image\" \/>\n<meta name=\"twitter:label1\" content=\"Dur\u00e9e de lecture estim\u00e9e\" \/>\n\t<meta name=\"twitter:data1\" content=\"1 minute\" \/>\n<script type=\"application\/ld+json\" class=\"yoast-schema-graph\">{\"@context\":\"https:\/\/schema.org\",\"@graph\":[{\"@type\":\"WebPage\",\"@id\":\"https:\/\/integration-reflexes.fr\/?page_id=82\",\"url\":\"https:\/\/integration-reflexes.fr\/?page_id=82\",\"name\":\"Pourquoi consulter ? - L&#039;int\u00e9gration des r\u00e9flexes archa\u00efques\",\"isPartOf\":{\"@id\":\"https:\/\/integration-reflexes.fr\/#website\"},\"primaryImageOfPage\":{\"@id\":\"https:\/\/integration-reflexes.fr\/?page_id=82#primaryimage\"},\"image\":{\"@id\":\"https:\/\/integration-reflexes.fr\/?page_id=82#primaryimage\"},\"thumbnailUrl\":\"https:\/\/mlrytvlytdru.i.optimole.com\/w:auto\/h:auto\/q:mauto\/ig:avif\/http:\/\/integration-reflexes.fr\/wp-content\/uploads\/2021\/07\/difficultes-1.png\",\"datePublished\":\"2021-06-30T16:02:07+00:00\",\"dateModified\":\"2024-03-29T15:27:55+00:00\",\"breadcrumb\":{\"@id\":\"https:\/\/integration-reflexes.fr\/?page_id=82#breadcrumb\"},\"inLanguage\":\"fr-FR\",\"potentialAction\":[{\"@type\":\"ReadAction\",\"target\":[\"https:\/\/integration-reflexes.fr\/?page_id=82\"]}]},{\"@type\":\"ImageObject\",\"inLanguage\":\"fr-FR\",\"@id\":\"https:\/\/integration-reflexes.fr\/?page_id=82#primaryimage\",\"url\":\"https:\/\/mlrytvlytdru.i.optimole.com\/w:auto\/h:auto\/q:mauto\/ig:avif\/https:\/\/integration-reflexes.fr\/wp-content\/uploads\/2021\/07\/difficultes-1.png\",\"contentUrl\":\"https:\/\/mlrytvlytdru.i.optimole.com\/w:auto\/h:auto\/q:mauto\/ig:avif\/https:\/\/integration-reflexes.fr\/wp-content\/uploads\/2021\/07\/difficultes-1.png\",\"width\":839,\"height\":777,\"caption\":\"Sophie Capon, praticienne en int\u00e9gration des r\u00e9flexes archa\u00efques, la maison des colibris, Bouguenais 44\"},{\"@type\":\"BreadcrumbList\",\"@id\":\"https:\/\/integration-reflexes.fr\/?page_id=82#breadcrumb\",\"itemListElement\":[{\"@type\":\"ListItem\",\"position\":1,\"name\":\"Accueil\",\"item\":\"https:\/\/integration-reflexes.fr\/\"},{\"@type\":\"ListItem\",\"position\":2,\"name\":\"Pourquoi consulter ?\"}]},{\"@type\":\"WebSite\",\"@id\":\"https:\/\/integration-reflexes.fr\/#website\",\"url\":\"https:\/\/integration-reflexes.fr\/\",\"name\":\"L&#039;int\u00e9gration des r\u00e9flexes archa\u00efques\",\"description\":\"Re-connecter corps et cerveau pour retrouver un \u00e9quilibre\",\"publisher\":{\"@id\":\"https:\/\/integration-reflexes.fr\/#organization\"},\"potentialAction\":[{\"@type\":\"SearchAction\",\"target\":{\"@type\":\"EntryPoint\",\"urlTemplate\":\"https:\/\/integration-reflexes.fr\/?s={search_term_string}\"},\"query-input\":{\"@type\":\"PropertyValueSpecification\",\"valueRequired\":true,\"valueName\":\"search_term_string\"}}],\"inLanguage\":\"fr-FR\"},{\"@type\":\"Organization\",\"@id\":\"https:\/\/integration-reflexes.fr\/#organization\",\"name\":\"L&#039;int\u00e9gration des r\u00e9flexes archa\u00efques\",\"url\":\"https:\/\/integration-reflexes.fr\/\",\"logo\":{\"@type\":\"ImageObject\",\"inLanguage\":\"fr-FR\",\"@id\":\"https:\/\/integration-reflexes.fr\/#\/schema\/logo\/image\/\",\"url\":\"https:\/\/mlrytvlytdru.i.optimole.com\/w:auto\/h:auto\/q:mauto\/ig:avif\/https:\/\/integration-reflexes.fr\/wp-content\/uploads\/2021\/07\/cropped-cropped-cropped-logo-IR-transparent.png\",\"contentUrl\":\"https:\/\/mlrytvlytdru.i.optimole.com\/w:auto\/h:auto\/q:mauto\/ig:avif\/https:\/\/integration-reflexes.fr\/wp-content\/uploads\/2021\/07\/cropped-cropped-cropped-logo-IR-transparent.png\",\"width\":1500,\"height\":1494,\"caption\":\"L&#039;int\u00e9gration des r\u00e9flexes archa\u00efques\"},\"image\":{\"@id\":\"https:\/\/integration-reflexes.fr\/#\/schema\/logo\/image\/\"}}]}<\/script>\n<!-- \/ Yoast SEO plugin. -->","yoast_head_json":{"title":"Pourquoi consulter ? - L&#039;int\u00e9gration des r\u00e9flexes archa\u00efques","robots":{"index":"index","follow":"follow","max-snippet":"max-snippet:-1","max-image-preview":"max-image-preview:large","max-video-preview":"max-video-preview:-1"},"canonical":"https:\/\/integration-reflexes.fr\/?page_id=82","og_locale":"fr_FR","og_type":"article","og_title":"Pourquoi consulter ? - L&#039;int\u00e9gration des r\u00e9flexes archa\u00efques","og_description":"Deuxi\u00e8me chance&#8230; \u00ab\u00a0Mon enfant n&rsquo;arrive pas \u00e0 rattraper un ballon\u00a0\u00bb, \u00ab\u00a0J&rsquo;ai du mal \u00e0 g\u00e9rer mes \u00e9motions\u00a0\u00bb, \u00ab\u00a0Ecrire me fait mal au bras\u00a0\u00bb, \u00ab\u00a0Ma fille a beaucoup de mal \u00e0 se concentrer\u00a0\u00bb, \u00ab\u00a0Mon dernier ne tient pas en place\u00a0\u00bb. Autant de probl\u00e9matiques du quotidien qui peuvent avoir une explication par [&hellip;]","og_url":"https:\/\/integration-reflexes.fr\/?page_id=82","og_site_name":"L&#039;int\u00e9gration des r\u00e9flexes archa\u00efques","article_modified_time":"2024-03-29T15:27:55+00:00","og_image":[{"url":"https:\/\/mlrytvlytdru.i.optimole.com\/w:auto\/h:auto\/q:mauto\/ig:avif\/http:\/\/integration-reflexes.fr\/wp-content\/uploads\/2021\/07\/difficultes-1.png","type":"","width":"","height":""}],"twitter_card":"summary_large_image","twitter_misc":{"Dur\u00e9e de lecture estim\u00e9e":"1 minute"},"schema":{"@context":"https:\/\/schema.org","@graph":[{"@type":"WebPage","@id":"https:\/\/integration-reflexes.fr\/?page_id=82","url":"https:\/\/integration-reflexes.fr\/?page_id=82","name":"Pourquoi consulter ? - L&#039;int\u00e9gration des r\u00e9flexes archa\u00efques","isPartOf":{"@id":"https:\/\/integration-reflexes.fr\/#website"},"primaryImageOfPage":{"@id":"https:\/\/integration-reflexes.fr\/?page_id=82#primaryimage"},"image":{"@id":"https:\/\/integration-reflexes.fr\/?page_id=82#primaryimage"},"thumbnailUrl":"https:\/\/mlrytvlytdru.i.optimole.com\/w:auto\/h:auto\/q:mauto\/ig:avif\/http:\/\/integration-reflexes.fr\/wp-content\/uploads\/2021\/07\/difficultes-1.png","datePublished":"2021-06-30T16:02:07+00:00","dateModified":"2024-03-29T15:27:55+00:00","breadcrumb":{"@id":"https:\/\/integration-reflexes.fr\/?page_id=82#breadcrumb"},"inLanguage":"fr-FR","potentialAction":[{"@type":"ReadAction","target":["https:\/\/integration-reflexes.fr\/?page_id=82"]}]},{"@type":"ImageObject","inLanguage":"fr-FR","@id":"https:\/\/integration-reflexes.fr\/?page_id=82#primaryimage","url":"https:\/\/mlrytvlytdru.i.optimole.com\/w:auto\/h:auto\/q:mauto\/ig:avif\/https:\/\/integration-reflexes.fr\/wp-content\/uploads\/2021\/07\/difficultes-1.png","contentUrl":"https:\/\/mlrytvlytdru.i.optimole.com\/w:auto\/h:auto\/q:mauto\/ig:avif\/https:\/\/integration-reflexes.fr\/wp-content\/uploads\/2021\/07\/difficultes-1.png","width":839,"height":777,"caption":"Sophie Capon, praticienne en int\u00e9gration des r\u00e9flexes archa\u00efques, la maison des colibris, Bouguenais 44"},{"@type":"BreadcrumbList","@id":"https:\/\/integration-reflexes.fr\/?page_id=82#breadcrumb","itemListElement":[{"@type":"ListItem","position":1,"name":"Accueil","item":"https:\/\/integration-reflexes.fr\/"},{"@type":"ListItem","position":2,"name":"Pourquoi consulter ?"}]},{"@type":"WebSite","@id":"https:\/\/integration-reflexes.fr\/#website","url":"https:\/\/integration-reflexes.fr\/","name":"L&#039;int\u00e9gration des r\u00e9flexes archa\u00efques","description":"Re-connecter corps et cerveau pour retrouver un \u00e9quilibre","publisher":{"@id":"https:\/\/integration-reflexes.fr\/#organization"},"potentialAction":[{"@type":"SearchAction","target":{"@type":"EntryPoint","urlTemplate":"https:\/\/integration-reflexes.fr\/?s={search_term_string}"},"query-input":{"@type":"PropertyValueSpecification","valueRequired":true,"valueName":"search_term_string"}}],"inLanguage":"fr-FR"},{"@type":"Organization","@id":"https:\/\/integration-reflexes.fr\/#organization","name":"L&#039;int\u00e9gration des r\u00e9flexes archa\u00efques","url":"https:\/\/integration-reflexes.fr\/","logo":{"@type":"ImageObject","inLanguage":"fr-FR","@id":"https:\/\/integration-reflexes.fr\/#\/schema\/logo\/image\/","url":"https:\/\/mlrytvlytdru.i.optimole.com\/w:auto\/h:auto\/q:mauto\/ig:avif\/https:\/\/integration-reflexes.fr\/wp-content\/uploads\/2021\/07\/cropped-cropped-cropped-logo-IR-transparent.png","contentUrl":"https:\/\/mlrytvlytdru.i.optimole.com\/w:auto\/h:auto\/q:mauto\/ig:avif\/https:\/\/integration-reflexes.fr\/wp-content\/uploads\/2021\/07\/cropped-cropped-cropped-logo-IR-transparent.png","width":1500,"height":1494,"caption":"L&#039;int\u00e9gration des r\u00e9flexes archa\u00efques"},"image":{"@id":"https:\/\/integration-reflexes.fr\/#\/schema\/logo\/image\/"}}]}},"_links":{"self":[{"href":"https:\/\/integration-reflexes.fr\/index.php?rest_route=\/wp\/v2\/pages\/82","targetHints":{"allow":["GET"]}}],"collection":[{"href":"https:\/\/integration-reflexes.fr\/index.php?rest_route=\/wp\/v2\/pages"}],"about":[{"href":"https:\/\/integration-reflexes.fr\/index.php?rest_route=\/wp\/v2\/types\/page"}],"author":[{"embeddable":true,"href":"https:\/\/integration-reflexes.fr\/index.php?rest_route=\/wp\/v2\/users\/1"}],"replies":[{"embeddable":true,"href":"https:\/\/integration-reflexes.fr\/index.php?rest_route=%2Fwp%2Fv2%2Fcomments&post=82"}],"version-history":[{"count":25,"href":"https:\/\/integration-reflexes.fr\/index.php?rest_route=\/wp\/v2\/pages\/82\/revisions"}],"predecessor-version":[{"id":965,"href":"https:\/\/integration-reflexes.fr\/index.php?rest_route=\/wp\/v2\/pages\/82\/revisions\/965"}],"wp:attachment":[{"href":"https:\/\/integration-reflexes.fr\/index.php?rest_route=%2Fwp%2Fv2%2Fmedia&parent=82"}],"curies":[{"name":"wp","href":"https:\/\/api.w.org\/{rel}","templated":true}]}}