{"id":794,"date":"2022-03-29T10:52:31","date_gmt":"2022-03-29T08:52:31","guid":{"rendered":"https:\/\/integration-reflexes.fr\/?page_id=794"},"modified":"2025-07-22T10:13:27","modified_gmt":"2025-07-22T08:13:27","slug":"confiance-en-soi-et-reflexes","status":"publish","type":"page","link":"https:\/\/integration-reflexes.fr\/?page_id=794","title":{"rendered":"Confiance en soi et r\u00e9flexes archa\u00efques"},"content":{"rendered":"\n<h1 class=\"wp-block-heading\">Permettre \u00e0 chacun d&rsquo;avoir confiance en ses capacit\u00e9s pour une vie plus sereine<\/h1>\n\n\n\n<p><strong>50 % des fran\u00e7ais<\/strong> estiment ne pas avoir suffisamment confiance en eux. Ce manque de confiance a des r\u00e9percussions dans tous les domaines de la vie. Ainsi, ceci peut alt\u00e9rer:<\/p>\n\n\n\n<ul class=\"wp-block-list\">\n<li>les relations sociales<\/li>\n\n\n\n<li>l&rsquo;estime de soi<\/li>\n\n\n\n<li>les relations amoureuses<\/li>\n\n\n\n<li>la sexualit\u00e9<\/li>\n\n\n\n<li>l&rsquo;\u00e9volution d&rsquo;une carri\u00e8re<\/li>\n\n\n\n<li>le sommeil<\/li>\n\n\n\n<li>mais aussi la posture, la concentration, la gestion des \u00e9motions.<\/li>\n<\/ul>\n\n\n\n<p>De plus, c&rsquo;est un <strong>cercle diabolique<\/strong> car chacune de ces r\u00e9percussions ab\u00eeme un peu plus la confiance.<\/p>\n\n\n\n<p>C&rsquo;est donc un chantier auquel il est n\u00e9cessaire de s&rsquo;atteler pour <strong>enrayer la machine<\/strong> et acqu\u00e9rir de la <strong>s\u00e9r\u00e9nit\u00e9 pour avoir un quotidien paisible<\/strong>. <\/p>\n\n\n<div class=\"wp-block-image\">\n<figure class=\"aligncenter size-medium\"><img data-opt-id=2065845011  fetchpriority=\"high\" decoding=\"async\" width=\"300\" height=\"300\" src=\"https:\/\/mlrytvlytdru.i.optimole.com\/w:300\/h:300\/q:mauto\/ig:avif\/https:\/\/integration-reflexes.fr\/wp-content\/uploads\/2022\/03\/1-2.png\" alt=\"\" class=\"wp-image-822\" srcset=\"https:\/\/mlrytvlytdru.i.optimole.com\/w:300\/h:300\/q:mauto\/ig:avif\/https:\/\/integration-reflexes.fr\/wp-content\/uploads\/2022\/03\/1-2.png 300w, https:\/\/mlrytvlytdru.i.optimole.com\/w:1024\/h:1024\/q:mauto\/ig:avif\/https:\/\/integration-reflexes.fr\/wp-content\/uploads\/2022\/03\/1-2.png 1024w, https:\/\/mlrytvlytdru.i.optimole.com\/w:150\/h:150\/q:mauto\/ig:avif\/https:\/\/integration-reflexes.fr\/wp-content\/uploads\/2022\/03\/1-2.png 150w, https:\/\/mlrytvlytdru.i.optimole.com\/w:768\/h:768\/q:mauto\/ig:avif\/https:\/\/integration-reflexes.fr\/wp-content\/uploads\/2022\/03\/1-2.png 768w, https:\/\/mlrytvlytdru.i.optimole.com\/w:116\/h:116\/q:mauto\/ig:avif\/https:\/\/integration-reflexes.fr\/wp-content\/uploads\/2022\/03\/1-2.png 116w, https:\/\/mlrytvlytdru.i.optimole.com\/w:1080\/h:1080\/q:mauto\/ig:avif\/https:\/\/integration-reflexes.fr\/wp-content\/uploads\/2022\/03\/1-2.png 1080w\" sizes=\"(max-width: 300px) 100vw, 300px\" \/><\/figure><\/div>\n\n\n<h1 class=\"wp-block-heading\">Et les r\u00e9flexes dans tout \u00e7a ?<\/h1>\n\n\n\n<p>Les r\u00e9flexes existent \u00e0 la <strong>base de notre d\u00e9veloppement postural, \u00e9motionnel et intellectuel.<\/strong> Ce sont les fondements d&rsquo;une \u00e9volution harmonieuse. Lorsque ces r\u00e9flexes sont int\u00e9gr\u00e9s, ils permettent au tout-petit de d\u00e9couvrir le monde en confiance, et d&rsquo;y prendre sa place.<\/p>\n\n\n\n<p>Mais les al\u00e9as de la vie ne permettent pas toujours une int\u00e9gration optimale, et ceci peut engendrer des difficult\u00e9s. Focus sur ces r\u00e9flexes qui jouent sur la confiance en soi.<\/p>\n\n\n\n<h3 class=\"wp-block-heading\">Le R\u00e9flexe de Babkin (ou r\u00e9flexe de l&rsquo;attachement)<\/h3>\n\n\n\n<p>C&rsquo;est un r\u00e9flexe qui relie la main et la bouche. C&rsquo;est celui qui permet au b\u00e9b\u00e9 de presser le sein de sa m\u00e8re, ce qui lui fait ouvrir la bouche. Lorsque ce r\u00e9flexe est encore actif, il joue sur le <strong>sentiment d&rsquo;ins\u00e9curit\u00e9 int\u00e9rieure<\/strong>, notion indispensable pour avoir la <strong>confiance d&rsquo;explorer le monde<\/strong>.<\/p>\n\n\n\n<p>Lorsque le r\u00e9flexe de Babkin n&rsquo;est pas suffisamment int\u00e9gr\u00e9, on peut rencontrer les difficult\u00e9s suivantes:<\/p>\n\n\n\n<ul class=\"wp-block-list\">\n<li>addictions<\/li>\n\n\n\n<li>rapport compliqu\u00e9 \u00e0 l&rsquo;alimentation (tr\u00e8s difficile ou tr\u00e8s gourmand)<\/li>\n\n\n\n<li>mauvaise articulation, b\u00e9gaiement<\/li>\n\n\n\n<li>difficult\u00e9s \u00e0 exprimer ses \u00e9motions<\/li>\n\n\n\n<li>collectionneur compulsif<\/li>\n\n\n\n<li>tensions dans les m\u00e2choires<\/li>\n<\/ul>\n\n\n\n<h3 class=\"wp-block-heading\">Les r\u00e9flexes des pieds (Babinski et agrippement plantaire)<\/h3>\n\n\n\n<p>Les r\u00e9flexes des pieds jouent un r\u00f4le primordial dans le d\u00e9placement du b\u00e9b\u00e9. Ainsi, s&rsquo;ils sont encore actifs, le pied ne pourra pas se poser enti\u00e8rement sur le sol, ou sera crisp\u00e9. Ceci entra\u00eene <strong>une instabilit\u00e9 qui peut \u00eatre posturale, mais aussi \u00e9motionnelle<\/strong>. Il est alors difficile d&rsquo;avoir confiance en soi lorsqu&rsquo;on ne peut pas compter sur ses jambes et ses pieds pour nous faire avancer en s\u00e9curit\u00e9.<\/p>\n\n\n\n<p>Si les r\u00e9flexes des pieds sont encore actifs et donc insuffisamment int\u00e9gr\u00e9s, on peut :<\/p>\n\n\n\n<ul class=\"wp-block-list\">\n<li>avoir des difficult\u00e9s \u00e0 poser des limites, \u00e0 dire \u00ab\u00a0non\u00a0\u00bb<\/li>\n\n\n\n<li>avoir une forte exigence envers soi-m\u00eame, difficilement satisfaite.<\/li>\n\n\n\n<li>serrer ou grincer des dents la nuit<\/li>\n\n\n\n<li>d\u00e9tester mettre des chaussures<\/li>\n\n\n\n<li>ne pas aimer marcher<\/li>\n<\/ul>\n\n\n\n<h3 class=\"wp-block-heading\">Le R\u00e9flexe de Paralysie par la Peur (ou R\u00e9flexe de Peur Paralysante)<\/h3>\n\n\n\n<p>Le tout premier r\u00e9flexe in-utero. S&rsquo;il est trop souvent activ\u00e9, il risque de bloquer la personne en <strong>figement<\/strong>. Ainsi, toute action peut devenir difficile \u00e0 effectuer, <strong>t\u00e9tanisante<\/strong>. <\/p>\n\n\n\n<p>Lorsque le RPP n&rsquo;est pas rentr\u00e9 au placard, on peut rencontrer des difficult\u00e9s telles que :<\/p>\n\n\n\n<ul class=\"wp-block-list\">\n<li>phobies<\/li>\n\n\n\n<li>crises de panique<\/li>\n\n\n\n<li>manque de souplesse, difficult\u00e9 \u00e0  s&rsquo;adapter<\/li>\n\n\n\n<li>tendance \u00e0 l&rsquo;hypochondrie<\/li>\n\n\n\n<li>difficult\u00e9 \u00e0 maintenir un contact visuel<\/li>\n<\/ul>\n\n\n\n<p><\/p>\n\n\n\n<h3 class=\"wp-block-heading\">Le r\u00e9flexe de Moro (ou r\u00e9flexe de d\u00e9fense)<\/h3>\n\n\n\n<p>Le r\u00e9flexe de Moro est celui qui fait <strong>sursauter <\/strong>le b\u00e9b\u00e9 lorsqu&rsquo;une stimulation sensorielle brutale intervient (un bruit, une lumi\u00e8re forte, &#8230;). C&rsquo;est un r\u00e9flexe qui, lorsqu&rsquo;il est toujours actif, cr\u00e9e une <strong>sensation d&rsquo;hypervigilance <\/strong>qui peut faire de toute situation un danger. Ainsi, tout changement, mise \u00e0 nu devient difficile \u00e0 effectuer parce que l&rsquo;impression qui pr\u00e9domine est <strong>le danger pour sa vie<\/strong>. <\/p>\n\n\n\n<p>Si le r\u00e9flexe de Moro est encore actif, il risque de provoquer des difficult\u00e9s telles que :<\/p>\n\n\n\n<ul class=\"wp-block-list\">\n<li>allergies, intol\u00e9rances<\/li>\n\n\n\n<li>forte attirance pour les aliments sucr\u00e9s (quasi addiction)<\/li>\n\n\n\n<li>asthme<\/li>\n\n\n\n<li>tensions lombaires<\/li>\n\n\n\n<li>difficult\u00e9s de compr\u00e9hension<\/li>\n<\/ul>\n\n\n\n<figure class=\"wp-block-embed is-type-wp-embed is-provider-blog-hop-039-toys wp-block-embed-blog-hop-039-toys\"><div class=\"wp-block-embed__wrapper\">\n<blockquote class=\"wp-embedded-content\" data-secret=\"BSLoGqx7B4\"><a href=\"https:\/\/www.bloghoptoys.fr\/cest-quoi-le-reflexe-de-moro\">R\u00e9flexe archa\u00efque : c&rsquo;est quoi le r\u00e9flexe de Moro ?<\/a><\/blockquote><iframe class=\"wp-embedded-content\" sandbox=\"allow-scripts\" security=\"restricted\" style=\"position: absolute; visibility: hidden;\" title=\"\u00ab\u00a0R\u00e9flexe archa\u00efque : c&rsquo;est quoi le r\u00e9flexe de Moro ?\u00a0\u00bb &#8212; Blog Hop&#039;Toys\" src=\"https:\/\/www.bloghoptoys.fr\/cest-quoi-le-reflexe-de-moro\/embed#?secret=Mt28LelOIM#?secret=BSLoGqx7B4\" data-secret=\"BSLoGqx7B4\" width=\"600\" height=\"338\" frameborder=\"0\" marginwidth=\"0\" marginheight=\"0\" scrolling=\"no\"><\/iframe>\n<\/div><\/figure>\n\n\n\n<h1 class=\"wp-block-heading\">Ce n&rsquo;est pas une fatalit\u00e9 !<\/h1>\n\n\n\n<p><strong>L&rsquo;int\u00e9gration des r\u00e9flexes ar<\/strong>cha\u00efques, par une r\u00e9\u00e9ducation psycho-corporelle, permet de passer outre les habitudes du cerveau (<strong>d\u00e9valorisation, peurs, auto-flagellation<\/strong>) en redonnant confiance au corps. De plus, les r\u00e9actions involontaires telles que la <strong>sudation, le rougissement, le manque de fluidit\u00e9 verbale<\/strong> s&rsquo;att\u00e9nuent peu \u00e0 peu pour laisser la place \u00e0 une gestion choisie. <\/p>\n\n\n\n<figure class=\"wp-block-image size-large\"><img data-opt-id=1739326526  fetchpriority=\"high\" decoding=\"async\" width=\"1024\" height=\"1024\" src=\"https:\/\/mlrytvlytdru.i.optimole.com\/w:1024\/h:1024\/q:mauto\/ig:avif\/https:\/\/integration-reflexes.fr\/wp-content\/uploads\/2022\/03\/3-1.png\" alt=\"\" class=\"wp-image-821\" srcset=\"https:\/\/mlrytvlytdru.i.optimole.com\/w:1024\/h:1024\/q:mauto\/ig:avif\/https:\/\/integration-reflexes.fr\/wp-content\/uploads\/2022\/03\/3-1.png 1024w, https:\/\/mlrytvlytdru.i.optimole.com\/w:300\/h:300\/q:mauto\/ig:avif\/https:\/\/integration-reflexes.fr\/wp-content\/uploads\/2022\/03\/3-1.png 300w, https:\/\/mlrytvlytdru.i.optimole.com\/w:150\/h:150\/q:mauto\/ig:avif\/https:\/\/integration-reflexes.fr\/wp-content\/uploads\/2022\/03\/3-1.png 150w, https:\/\/mlrytvlytdru.i.optimole.com\/w:768\/h:768\/q:mauto\/ig:avif\/https:\/\/integration-reflexes.fr\/wp-content\/uploads\/2022\/03\/3-1.png 768w, https:\/\/mlrytvlytdru.i.optimole.com\/w:116\/h:116\/q:mauto\/ig:avif\/https:\/\/integration-reflexes.fr\/wp-content\/uploads\/2022\/03\/3-1.png 116w, https:\/\/mlrytvlytdru.i.optimole.com\/w:1080\/h:1080\/q:mauto\/ig:avif\/https:\/\/integration-reflexes.fr\/wp-content\/uploads\/2022\/03\/3-1.png 1080w\" sizes=\"(max-width: 750px) 100vw, 750px\" \/><\/figure>\n\n\n\n<p class=\"has-text-align-center\">Sophie CAPON<br>Praticienne en Int\u00e9gration des r\u00e9flexes archa\u00efques<br>La Maison des colibris &#8211; 77 ter rue Jean Mermoz &#8211; 44340 BOUGUENAIS<br>02 85 52 25 96<\/p>\n\n\n\n<p><\/p>\n","protected":false},"excerpt":{"rendered":"<p>Permettre \u00e0 chacun d&rsquo;avoir confiance en ses capacit\u00e9s pour une vie plus sereine 50 % des fran\u00e7ais estiment ne pas avoir suffisamment confiance en eux. Ce manque de confiance a des r\u00e9percussions dans tous les domaines de la vie. Ainsi, ceci peut alt\u00e9rer: De plus, c&rsquo;est un cercle diabolique car [&hellip;]<\/p>\n","protected":false},"author":1,"featured_media":0,"parent":0,"menu_order":0,"comment_status":"closed","ping_status":"closed","template":"","meta":{"_themeisle_gutenberg_block_has_review":false,"footnotes":""},"class_list":["post-794","page","type-page","status-publish","hentry"],"yoast_head":"<!-- This site is optimized with the Yoast SEO plugin v25.5 - https:\/\/yoast.com\/wordpress\/plugins\/seo\/ -->\n<title>Confiance en soi et r\u00e9flexes archa\u00efques - L&#039;int\u00e9gration des r\u00e9flexes archa\u00efques<\/title>\n<meta name=\"robots\" content=\"index, follow, max-snippet:-1, max-image-preview:large, max-video-preview:-1\" \/>\n<link rel=\"canonical\" href=\"https:\/\/integration-reflexes.fr\/?page_id=794\" \/>\n<meta property=\"og:locale\" content=\"fr_FR\" \/>\n<meta property=\"og:type\" content=\"article\" \/>\n<meta property=\"og:title\" content=\"Confiance en soi et r\u00e9flexes archa\u00efques - L&#039;int\u00e9gration des r\u00e9flexes archa\u00efques\" \/>\n<meta property=\"og:description\" content=\"Permettre \u00e0 chacun d&rsquo;avoir confiance en ses capacit\u00e9s pour une vie plus sereine 50 % des fran\u00e7ais estiment ne pas avoir suffisamment confiance en eux. Ce manque de confiance a des r\u00e9percussions dans tous les domaines de la vie. Ainsi, ceci peut alt\u00e9rer: De plus, c&rsquo;est un cercle diabolique car [&hellip;]\" \/>\n<meta property=\"og:url\" content=\"https:\/\/integration-reflexes.fr\/?page_id=794\" \/>\n<meta property=\"og:site_name\" content=\"L&#039;int\u00e9gration des r\u00e9flexes archa\u00efques\" \/>\n<meta property=\"article:modified_time\" content=\"2025-07-22T08:13:27+00:00\" \/>\n<meta property=\"og:image\" content=\"https:\/\/mlrytvlytdru.i.optimole.com\/w:300\/h:300\/q:mauto\/ig:avif\/https:\/\/integration-reflexes.fr\/wp-content\/uploads\/2022\/03\/1-2.png\" \/>\n<meta name=\"twitter:card\" content=\"summary_large_image\" \/>\n<meta name=\"twitter:label1\" content=\"Dur\u00e9e de lecture estim\u00e9e\" \/>\n\t<meta name=\"twitter:data1\" content=\"4 minutes\" \/>\n<script type=\"application\/ld+json\" class=\"yoast-schema-graph\">{\"@context\":\"https:\/\/schema.org\",\"@graph\":[{\"@type\":\"WebPage\",\"@id\":\"https:\/\/integration-reflexes.fr\/?page_id=794\",\"url\":\"https:\/\/integration-reflexes.fr\/?page_id=794\",\"name\":\"Confiance en soi et r\u00e9flexes archa\u00efques - L&#039;int\u00e9gration des r\u00e9flexes archa\u00efques\",\"isPartOf\":{\"@id\":\"https:\/\/integration-reflexes.fr\/#website\"},\"primaryImageOfPage\":{\"@id\":\"https:\/\/integration-reflexes.fr\/?page_id=794#primaryimage\"},\"image\":{\"@id\":\"https:\/\/integration-reflexes.fr\/?page_id=794#primaryimage\"},\"thumbnailUrl\":\"https:\/\/mlrytvlytdru.i.optimole.com\/w:300\/h:300\/q:mauto\/ig:avif\/https:\/\/integration-reflexes.fr\/wp-content\/uploads\/2022\/03\/1-2.png\",\"datePublished\":\"2022-03-29T08:52:31+00:00\",\"dateModified\":\"2025-07-22T08:13:27+00:00\",\"breadcrumb\":{\"@id\":\"https:\/\/integration-reflexes.fr\/?page_id=794#breadcrumb\"},\"inLanguage\":\"fr-FR\",\"potentialAction\":[{\"@type\":\"ReadAction\",\"target\":[\"https:\/\/integration-reflexes.fr\/?page_id=794\"]}]},{\"@type\":\"ImageObject\",\"inLanguage\":\"fr-FR\",\"@id\":\"https:\/\/integration-reflexes.fr\/?page_id=794#primaryimage\",\"url\":\"https:\/\/mlrytvlytdru.i.optimole.com\/w:auto\/h:auto\/q:mauto\/ig:avif\/https:\/\/integration-reflexes.fr\/wp-content\/uploads\/2022\/03\/1-2.png\",\"contentUrl\":\"https:\/\/mlrytvlytdru.i.optimole.com\/w:auto\/h:auto\/q:mauto\/ig:avif\/https:\/\/integration-reflexes.fr\/wp-content\/uploads\/2022\/03\/1-2.png\",\"width\":1080,\"height\":1080,\"caption\":\"Sophie Capon, praticienne en int\u00e9gration des r\u00e9flexes archa\u00efques, la maison des colibris, Bouguenais 44\"},{\"@type\":\"BreadcrumbList\",\"@id\":\"https:\/\/integration-reflexes.fr\/?page_id=794#breadcrumb\",\"itemListElement\":[{\"@type\":\"ListItem\",\"position\":1,\"name\":\"Accueil\",\"item\":\"https:\/\/integration-reflexes.fr\/\"},{\"@type\":\"ListItem\",\"position\":2,\"name\":\"Confiance en soi et r\u00e9flexes archa\u00efques\"}]},{\"@type\":\"WebSite\",\"@id\":\"https:\/\/integration-reflexes.fr\/#website\",\"url\":\"https:\/\/integration-reflexes.fr\/\",\"name\":\"L&#039;int\u00e9gration des r\u00e9flexes archa\u00efques\",\"description\":\"Re-connecter corps et cerveau pour retrouver un \u00e9quilibre\",\"publisher\":{\"@id\":\"https:\/\/integration-reflexes.fr\/#organization\"},\"potentialAction\":[{\"@type\":\"SearchAction\",\"target\":{\"@type\":\"EntryPoint\",\"urlTemplate\":\"https:\/\/integration-reflexes.fr\/?s={search_term_string}\"},\"query-input\":{\"@type\":\"PropertyValueSpecification\",\"valueRequired\":true,\"valueName\":\"search_term_string\"}}],\"inLanguage\":\"fr-FR\"},{\"@type\":\"Organization\",\"@id\":\"https:\/\/integration-reflexes.fr\/#organization\",\"name\":\"L&#039;int\u00e9gration des r\u00e9flexes archa\u00efques\",\"url\":\"https:\/\/integration-reflexes.fr\/\",\"logo\":{\"@type\":\"ImageObject\",\"inLanguage\":\"fr-FR\",\"@id\":\"https:\/\/integration-reflexes.fr\/#\/schema\/logo\/image\/\",\"url\":\"https:\/\/mlrytvlytdru.i.optimole.com\/w:auto\/h:auto\/q:mauto\/ig:avif\/https:\/\/integration-reflexes.fr\/wp-content\/uploads\/2021\/07\/cropped-cropped-cropped-logo-IR-transparent.png\",\"contentUrl\":\"https:\/\/mlrytvlytdru.i.optimole.com\/w:auto\/h:auto\/q:mauto\/ig:avif\/https:\/\/integration-reflexes.fr\/wp-content\/uploads\/2021\/07\/cropped-cropped-cropped-logo-IR-transparent.png\",\"width\":1500,\"height\":1494,\"caption\":\"L&#039;int\u00e9gration des r\u00e9flexes archa\u00efques\"},\"image\":{\"@id\":\"https:\/\/integration-reflexes.fr\/#\/schema\/logo\/image\/\"}}]}<\/script>\n<!-- \/ Yoast SEO plugin. -->","yoast_head_json":{"title":"Confiance en soi et r\u00e9flexes archa\u00efques - L&#039;int\u00e9gration des r\u00e9flexes archa\u00efques","robots":{"index":"index","follow":"follow","max-snippet":"max-snippet:-1","max-image-preview":"max-image-preview:large","max-video-preview":"max-video-preview:-1"},"canonical":"https:\/\/integration-reflexes.fr\/?page_id=794","og_locale":"fr_FR","og_type":"article","og_title":"Confiance en soi et r\u00e9flexes archa\u00efques - L&#039;int\u00e9gration des r\u00e9flexes archa\u00efques","og_description":"Permettre \u00e0 chacun d&rsquo;avoir confiance en ses capacit\u00e9s pour une vie plus sereine 50 % des fran\u00e7ais estiment ne pas avoir suffisamment confiance en eux. Ce manque de confiance a des r\u00e9percussions dans tous les domaines de la vie. Ainsi, ceci peut alt\u00e9rer: De plus, c&rsquo;est un cercle diabolique car [&hellip;]","og_url":"https:\/\/integration-reflexes.fr\/?page_id=794","og_site_name":"L&#039;int\u00e9gration des r\u00e9flexes archa\u00efques","article_modified_time":"2025-07-22T08:13:27+00:00","og_image":[{"url":"https:\/\/mlrytvlytdru.i.optimole.com\/w:300\/h:300\/q:mauto\/ig:avif\/https:\/\/integration-reflexes.fr\/wp-content\/uploads\/2022\/03\/1-2.png","type":"","width":"","height":""}],"twitter_card":"summary_large_image","twitter_misc":{"Dur\u00e9e de lecture estim\u00e9e":"4 minutes"},"schema":{"@context":"https:\/\/schema.org","@graph":[{"@type":"WebPage","@id":"https:\/\/integration-reflexes.fr\/?page_id=794","url":"https:\/\/integration-reflexes.fr\/?page_id=794","name":"Confiance en soi et r\u00e9flexes archa\u00efques - L&#039;int\u00e9gration des r\u00e9flexes archa\u00efques","isPartOf":{"@id":"https:\/\/integration-reflexes.fr\/#website"},"primaryImageOfPage":{"@id":"https:\/\/integration-reflexes.fr\/?page_id=794#primaryimage"},"image":{"@id":"https:\/\/integration-reflexes.fr\/?page_id=794#primaryimage"},"thumbnailUrl":"https:\/\/mlrytvlytdru.i.optimole.com\/w:300\/h:300\/q:mauto\/ig:avif\/https:\/\/integration-reflexes.fr\/wp-content\/uploads\/2022\/03\/1-2.png","datePublished":"2022-03-29T08:52:31+00:00","dateModified":"2025-07-22T08:13:27+00:00","breadcrumb":{"@id":"https:\/\/integration-reflexes.fr\/?page_id=794#breadcrumb"},"inLanguage":"fr-FR","potentialAction":[{"@type":"ReadAction","target":["https:\/\/integration-reflexes.fr\/?page_id=794"]}]},{"@type":"ImageObject","inLanguage":"fr-FR","@id":"https:\/\/integration-reflexes.fr\/?page_id=794#primaryimage","url":"https:\/\/mlrytvlytdru.i.optimole.com\/w:auto\/h:auto\/q:mauto\/ig:avif\/https:\/\/integration-reflexes.fr\/wp-content\/uploads\/2022\/03\/1-2.png","contentUrl":"https:\/\/mlrytvlytdru.i.optimole.com\/w:auto\/h:auto\/q:mauto\/ig:avif\/https:\/\/integration-reflexes.fr\/wp-content\/uploads\/2022\/03\/1-2.png","width":1080,"height":1080,"caption":"Sophie Capon, praticienne en int\u00e9gration des r\u00e9flexes archa\u00efques, la maison des colibris, Bouguenais 44"},{"@type":"BreadcrumbList","@id":"https:\/\/integration-reflexes.fr\/?page_id=794#breadcrumb","itemListElement":[{"@type":"ListItem","position":1,"name":"Accueil","item":"https:\/\/integration-reflexes.fr\/"},{"@type":"ListItem","position":2,"name":"Confiance en soi et r\u00e9flexes archa\u00efques"}]},{"@type":"WebSite","@id":"https:\/\/integration-reflexes.fr\/#website","url":"https:\/\/integration-reflexes.fr\/","name":"L&#039;int\u00e9gration des r\u00e9flexes archa\u00efques","description":"Re-connecter corps et cerveau pour retrouver un \u00e9quilibre","publisher":{"@id":"https:\/\/integration-reflexes.fr\/#organization"},"potentialAction":[{"@type":"SearchAction","target":{"@type":"EntryPoint","urlTemplate":"https:\/\/integration-reflexes.fr\/?s={search_term_string}"},"query-input":{"@type":"PropertyValueSpecification","valueRequired":true,"valueName":"search_term_string"}}],"inLanguage":"fr-FR"},{"@type":"Organization","@id":"https:\/\/integration-reflexes.fr\/#organization","name":"L&#039;int\u00e9gration des r\u00e9flexes archa\u00efques","url":"https:\/\/integration-reflexes.fr\/","logo":{"@type":"ImageObject","inLanguage":"fr-FR","@id":"https:\/\/integration-reflexes.fr\/#\/schema\/logo\/image\/","url":"https:\/\/mlrytvlytdru.i.optimole.com\/w:auto\/h:auto\/q:mauto\/ig:avif\/https:\/\/integration-reflexes.fr\/wp-content\/uploads\/2021\/07\/cropped-cropped-cropped-logo-IR-transparent.png","contentUrl":"https:\/\/mlrytvlytdru.i.optimole.com\/w:auto\/h:auto\/q:mauto\/ig:avif\/https:\/\/integration-reflexes.fr\/wp-content\/uploads\/2021\/07\/cropped-cropped-cropped-logo-IR-transparent.png","width":1500,"height":1494,"caption":"L&#039;int\u00e9gration des r\u00e9flexes archa\u00efques"},"image":{"@id":"https:\/\/integration-reflexes.fr\/#\/schema\/logo\/image\/"}}]}},"_links":{"self":[{"href":"https:\/\/integration-reflexes.fr\/index.php?rest_route=\/wp\/v2\/pages\/794","targetHints":{"allow":["GET"]}}],"collection":[{"href":"https:\/\/integration-reflexes.fr\/index.php?rest_route=\/wp\/v2\/pages"}],"about":[{"href":"https:\/\/integration-reflexes.fr\/index.php?rest_route=\/wp\/v2\/types\/page"}],"author":[{"embeddable":true,"href":"https:\/\/integration-reflexes.fr\/index.php?rest_route=\/wp\/v2\/users\/1"}],"replies":[{"embeddable":true,"href":"https:\/\/integration-reflexes.fr\/index.php?rest_route=%2Fwp%2Fv2%2Fcomments&post=794"}],"version-history":[{"count":15,"href":"https:\/\/integration-reflexes.fr\/index.php?rest_route=\/wp\/v2\/pages\/794\/revisions"}],"predecessor-version":[{"id":1361,"href":"https:\/\/integration-reflexes.fr\/index.php?rest_route=\/wp\/v2\/pages\/794\/revisions\/1361"}],"wp:attachment":[{"href":"https:\/\/integration-reflexes.fr\/index.php?rest_route=%2Fwp%2Fv2%2Fmedia&parent=794"}],"curies":[{"name":"wp","href":"https:\/\/api.w.org\/{rel}","templated":true}]}}