{"id":144,"date":"2021-07-01T13:45:30","date_gmt":"2021-07-01T11:45:30","guid":{"rendered":"http:\/\/integration-reflexes.fr\/?page_id=144"},"modified":"2025-02-19T18:03:33","modified_gmt":"2025-02-19T17:03:33","slug":"qui-suis-je","status":"publish","type":"page","link":"https:\/\/integration-reflexes.fr\/?page_id=144","title":{"rendered":"Qui suis-je ?"},"content":{"rendered":"\n<div class=\"wp-block-group\"><div class=\"wp-block-group__inner-container is-layout-flow wp-block-group-is-layout-flow\"><div class=\"wp-block-image is-style-rounded\">\n<figure class=\"aligncenter size-medium\"><img data-opt-id=1700264569  fetchpriority=\"high\" decoding=\"async\" width=\"283\" height=\"300\" src=\"https:\/\/mlrytvlytdru.i.optimole.com\/w:283\/h:300\/q:mauto\/ig:avif\/https:\/\/integration-reflexes.fr\/wp-content\/uploads\/2024\/04\/1000021364-01.jpg\" alt=\"\" class=\"wp-image-974\" srcset=\"https:\/\/mlrytvlytdru.i.optimole.com\/w:283\/h:300\/q:mauto\/ig:avif\/https:\/\/integration-reflexes.fr\/wp-content\/uploads\/2024\/04\/1000021364-01.jpg 283w, https:\/\/mlrytvlytdru.i.optimole.com\/w:967\/h:1024\/q:mauto\/ig:avif\/https:\/\/integration-reflexes.fr\/wp-content\/uploads\/2024\/04\/1000021364-01.jpg 967w, https:\/\/mlrytvlytdru.i.optimole.com\/w:768\/h:813\/q:mauto\/ig:avif\/https:\/\/integration-reflexes.fr\/wp-content\/uploads\/2024\/04\/1000021364-01.jpg 768w, https:\/\/mlrytvlytdru.i.optimole.com\/w:1020\/h:1080\/q:mauto\/ig:avif\/https:\/\/integration-reflexes.fr\/wp-content\/uploads\/2024\/04\/1000021364-01.jpg 1451w, https:\/\/mlrytvlytdru.i.optimole.com\/w:1020\/h:1080\/q:mauto\/ig:avif\/https:\/\/integration-reflexes.fr\/wp-content\/uploads\/2024\/04\/1000021364-01.jpg 1935w, https:\/\/mlrytvlytdru.i.optimole.com\/w:110\/h:116\/q:mauto\/ig:avif\/https:\/\/integration-reflexes.fr\/wp-content\/uploads\/2024\/04\/1000021364-01.jpg 110w, https:\/\/mlrytvlytdru.i.optimole.com\/w:1020\/h:1080\/q:mauto\/ig:avif\/https:\/\/integration-reflexes.fr\/wp-content\/uploads\/2024\/04\/1000021364-01.jpg 1985w\" sizes=\"(max-width: 283px) 100vw, 283px\" \/><\/figure><\/div>\n\n\n<p class=\"has-drop-cap\">Anciennement professeur des \u00e9coles, apr\u00e8s des \u00e9tudes de psychologie, j&rsquo;ai longtemps cru que le bien-\u00eatre passait uniquement par la parole. C&rsquo;est gr\u00e2ce aux hasards de la vie que j&rsquo;ai d\u00e9couvert les r\u00e9flexes primitifs qui m&rsquo;ont permis d&rsquo;appr\u00e9hender les difficult\u00e9s sous un autre angle. En effet, j&rsquo;ai d\u00e9couvert \u00e0 quel point le corps et sa r\u00e9\u00e9ducation pouvaient aider \u00e0 retrouver un \u00e9quilibre de vie. <\/p>\n\n\n\n<p>Mon m\u00e9tier d&rsquo;enseignante, durant 13 ans, m&rsquo;a confront\u00e9e \u00e0 des situations pour lesquelles je n&rsquo;avais aucune cl\u00e9, pas de grille de lecture non plus. Quel d\u00e9sarroi d&rsquo;essayer d&rsquo;accompagner un enfant qui n&rsquo;est pas disponible pour les apprentissages! Comment aider un enfant qui ne peut se concentrer? Un enfant \u00e9puis\u00e9 par des nuits agit\u00e9es qui ne parvient pas \u00e0 g\u00e9rer ses \u00e9motions? <\/p>\n\n\n\n<p>J&rsquo;ai donc voulu aller plus loin et la formation RMTI (Rythmic Movement Training International) que j&rsquo;ai suivie m&rsquo;a ouvert un champ d&rsquo;actions passionnant, o\u00f9 l&rsquo;\u00e9coute, le corps, le cerveau, les mouvements et les \u00e9motions s&rsquo;entrem\u00ealent. Des r\u00e9ponses \u00e0 mes questions, et surtout, des solutions \u00e0 apporter \u00e0 ceux qui rencontrent des difficult\u00e9s au quotidien! <\/p>\n\n\n\n<p>C&rsquo;est donc avec toute mon \u00e9nergie, mon envie et mon savoir-faire acquis au cours de ma formation et de mes pratiques que je propose aujourd&rsquo;hui mes services pour permettre aux personnes que j&rsquo;accompagne de r\u00e9concilier corps et cerveau pour atteindre le bien-\u00eatre auquel elles aspirent!<\/p>\n\n\n\n<p><\/p>\n<\/div><\/div>\n\n\n\n<p class=\"has-text-align-center\">Sophie CAPON<br>Praticienne en Int\u00e9gration des r\u00e9flexes archa\u00efques<br>La Maison des colibris &#8211; 77 ter rue Jean Mermoz &#8211; 44340 BOUGUENAIS<br>02 85 52 25 96<\/p>\n","protected":false},"excerpt":{"rendered":"<p>Anciennement professeur des \u00e9coles, apr\u00e8s des \u00e9tudes de psychologie, j&rsquo;ai longtemps cru que le bien-\u00eatre passait uniquement par la parole. C&rsquo;est gr\u00e2ce aux hasards de la vie que j&rsquo;ai d\u00e9couvert les r\u00e9flexes primitifs qui m&rsquo;ont permis d&rsquo;appr\u00e9hender les difficult\u00e9s sous un autre angle. En effet, j&rsquo;ai d\u00e9couvert \u00e0 quel point [&hellip;]<\/p>\n","protected":false},"author":1,"featured_media":0,"parent":0,"menu_order":0,"comment_status":"closed","ping_status":"closed","template":"","meta":{"_themeisle_gutenberg_block_has_review":false,"footnotes":""},"class_list":["post-144","page","type-page","status-publish","hentry"],"yoast_head":"<!-- This site is optimized with the Yoast SEO plugin v25.5 - https:\/\/yoast.com\/wordpress\/plugins\/seo\/ -->\n<title>Qui suis-je ? - L&#039;int\u00e9gration des r\u00e9flexes archa\u00efques<\/title>\n<meta name=\"robots\" content=\"index, follow, max-snippet:-1, max-image-preview:large, max-video-preview:-1\" \/>\n<link rel=\"canonical\" href=\"https:\/\/integration-reflexes.fr\/?page_id=144\" \/>\n<meta property=\"og:locale\" content=\"fr_FR\" \/>\n<meta property=\"og:type\" content=\"article\" \/>\n<meta property=\"og:title\" content=\"Qui suis-je ? - L&#039;int\u00e9gration des r\u00e9flexes archa\u00efques\" \/>\n<meta property=\"og:description\" content=\"Anciennement professeur des \u00e9coles, apr\u00e8s des \u00e9tudes de psychologie, j&rsquo;ai longtemps cru que le bien-\u00eatre passait uniquement par la parole. C&rsquo;est gr\u00e2ce aux hasards de la vie que j&rsquo;ai d\u00e9couvert les r\u00e9flexes primitifs qui m&rsquo;ont permis d&rsquo;appr\u00e9hender les difficult\u00e9s sous un autre angle. En effet, j&rsquo;ai d\u00e9couvert \u00e0 quel point [&hellip;]\" \/>\n<meta property=\"og:url\" content=\"https:\/\/integration-reflexes.fr\/?page_id=144\" \/>\n<meta property=\"og:site_name\" content=\"L&#039;int\u00e9gration des r\u00e9flexes archa\u00efques\" \/>\n<meta property=\"article:modified_time\" content=\"2025-02-19T17:03:33+00:00\" \/>\n<meta property=\"og:image\" content=\"https:\/\/mlrytvlytdru.i.optimole.com\/w:283\/h:300\/q:mauto\/ig:avif\/https:\/\/integration-reflexes.fr\/wp-content\/uploads\/2024\/04\/1000021364-01.jpg\" \/>\n<meta name=\"twitter:card\" content=\"summary_large_image\" \/>\n<meta name=\"twitter:label1\" content=\"Dur\u00e9e de lecture estim\u00e9e\" \/>\n\t<meta name=\"twitter:data1\" content=\"1 minute\" \/>\n<script type=\"application\/ld+json\" class=\"yoast-schema-graph\">{\"@context\":\"https:\/\/schema.org\",\"@graph\":[{\"@type\":\"WebPage\",\"@id\":\"https:\/\/integration-reflexes.fr\/?page_id=144\",\"url\":\"https:\/\/integration-reflexes.fr\/?page_id=144\",\"name\":\"Qui suis-je ? - L&#039;int\u00e9gration des r\u00e9flexes archa\u00efques\",\"isPartOf\":{\"@id\":\"https:\/\/integration-reflexes.fr\/#website\"},\"primaryImageOfPage\":{\"@id\":\"https:\/\/integration-reflexes.fr\/?page_id=144#primaryimage\"},\"image\":{\"@id\":\"https:\/\/integration-reflexes.fr\/?page_id=144#primaryimage\"},\"thumbnailUrl\":\"https:\/\/mlrytvlytdru.i.optimole.com\/w:283\/h:300\/q:mauto\/ig:avif\/https:\/\/integration-reflexes.fr\/wp-content\/uploads\/2024\/04\/1000021364-01.jpg\",\"datePublished\":\"2021-07-01T11:45:30+00:00\",\"dateModified\":\"2025-02-19T17:03:33+00:00\",\"breadcrumb\":{\"@id\":\"https:\/\/integration-reflexes.fr\/?page_id=144#breadcrumb\"},\"inLanguage\":\"fr-FR\",\"potentialAction\":[{\"@type\":\"ReadAction\",\"target\":[\"https:\/\/integration-reflexes.fr\/?page_id=144\"]}]},{\"@type\":\"ImageObject\",\"inLanguage\":\"fr-FR\",\"@id\":\"https:\/\/integration-reflexes.fr\/?page_id=144#primaryimage\",\"url\":\"https:\/\/mlrytvlytdru.i.optimole.com\/w:283\/h:300\/q:mauto\/ig:avif\/https:\/\/integration-reflexes.fr\/wp-content\/uploads\/2024\/04\/1000021364-01.jpg\",\"contentUrl\":\"https:\/\/mlrytvlytdru.i.optimole.com\/w:283\/h:300\/q:mauto\/ig:avif\/https:\/\/integration-reflexes.fr\/wp-content\/uploads\/2024\/04\/1000021364-01.jpg\"},{\"@type\":\"BreadcrumbList\",\"@id\":\"https:\/\/integration-reflexes.fr\/?page_id=144#breadcrumb\",\"itemListElement\":[{\"@type\":\"ListItem\",\"position\":1,\"name\":\"Accueil\",\"item\":\"https:\/\/integration-reflexes.fr\/\"},{\"@type\":\"ListItem\",\"position\":2,\"name\":\"Qui suis-je ?\"}]},{\"@type\":\"WebSite\",\"@id\":\"https:\/\/integration-reflexes.fr\/#website\",\"url\":\"https:\/\/integration-reflexes.fr\/\",\"name\":\"L&#039;int\u00e9gration des r\u00e9flexes archa\u00efques\",\"description\":\"Re-connecter corps et cerveau pour retrouver un \u00e9quilibre\",\"publisher\":{\"@id\":\"https:\/\/integration-reflexes.fr\/#organization\"},\"potentialAction\":[{\"@type\":\"SearchAction\",\"target\":{\"@type\":\"EntryPoint\",\"urlTemplate\":\"https:\/\/integration-reflexes.fr\/?s={search_term_string}\"},\"query-input\":{\"@type\":\"PropertyValueSpecification\",\"valueRequired\":true,\"valueName\":\"search_term_string\"}}],\"inLanguage\":\"fr-FR\"},{\"@type\":\"Organization\",\"@id\":\"https:\/\/integration-reflexes.fr\/#organization\",\"name\":\"L&#039;int\u00e9gration des r\u00e9flexes archa\u00efques\",\"url\":\"https:\/\/integration-reflexes.fr\/\",\"logo\":{\"@type\":\"ImageObject\",\"inLanguage\":\"fr-FR\",\"@id\":\"https:\/\/integration-reflexes.fr\/#\/schema\/logo\/image\/\",\"url\":\"https:\/\/mlrytvlytdru.i.optimole.com\/w:auto\/h:auto\/q:mauto\/ig:avif\/https:\/\/integration-reflexes.fr\/wp-content\/uploads\/2021\/07\/cropped-cropped-cropped-logo-IR-transparent.png\",\"contentUrl\":\"https:\/\/mlrytvlytdru.i.optimole.com\/w:auto\/h:auto\/q:mauto\/ig:avif\/https:\/\/integration-reflexes.fr\/wp-content\/uploads\/2021\/07\/cropped-cropped-cropped-logo-IR-transparent.png\",\"width\":1500,\"height\":1494,\"caption\":\"L&#039;int\u00e9gration des r\u00e9flexes archa\u00efques\"},\"image\":{\"@id\":\"https:\/\/integration-reflexes.fr\/#\/schema\/logo\/image\/\"}}]}<\/script>\n<!-- \/ Yoast SEO plugin. -->","yoast_head_json":{"title":"Qui suis-je ? - L&#039;int\u00e9gration des r\u00e9flexes archa\u00efques","robots":{"index":"index","follow":"follow","max-snippet":"max-snippet:-1","max-image-preview":"max-image-preview:large","max-video-preview":"max-video-preview:-1"},"canonical":"https:\/\/integration-reflexes.fr\/?page_id=144","og_locale":"fr_FR","og_type":"article","og_title":"Qui suis-je ? - L&#039;int\u00e9gration des r\u00e9flexes archa\u00efques","og_description":"Anciennement professeur des \u00e9coles, apr\u00e8s des \u00e9tudes de psychologie, j&rsquo;ai longtemps cru que le bien-\u00eatre passait uniquement par la parole. C&rsquo;est gr\u00e2ce aux hasards de la vie que j&rsquo;ai d\u00e9couvert les r\u00e9flexes primitifs qui m&rsquo;ont permis d&rsquo;appr\u00e9hender les difficult\u00e9s sous un autre angle. En effet, j&rsquo;ai d\u00e9couvert \u00e0 quel point [&hellip;]","og_url":"https:\/\/integration-reflexes.fr\/?page_id=144","og_site_name":"L&#039;int\u00e9gration des r\u00e9flexes archa\u00efques","article_modified_time":"2025-02-19T17:03:33+00:00","og_image":[{"url":"https:\/\/mlrytvlytdru.i.optimole.com\/w:283\/h:300\/q:mauto\/ig:avif\/https:\/\/integration-reflexes.fr\/wp-content\/uploads\/2024\/04\/1000021364-01.jpg","type":"","width":"","height":""}],"twitter_card":"summary_large_image","twitter_misc":{"Dur\u00e9e de lecture estim\u00e9e":"1 minute"},"schema":{"@context":"https:\/\/schema.org","@graph":[{"@type":"WebPage","@id":"https:\/\/integration-reflexes.fr\/?page_id=144","url":"https:\/\/integration-reflexes.fr\/?page_id=144","name":"Qui suis-je ? - L&#039;int\u00e9gration des r\u00e9flexes archa\u00efques","isPartOf":{"@id":"https:\/\/integration-reflexes.fr\/#website"},"primaryImageOfPage":{"@id":"https:\/\/integration-reflexes.fr\/?page_id=144#primaryimage"},"image":{"@id":"https:\/\/integration-reflexes.fr\/?page_id=144#primaryimage"},"thumbnailUrl":"https:\/\/mlrytvlytdru.i.optimole.com\/w:283\/h:300\/q:mauto\/ig:avif\/https:\/\/integration-reflexes.fr\/wp-content\/uploads\/2024\/04\/1000021364-01.jpg","datePublished":"2021-07-01T11:45:30+00:00","dateModified":"2025-02-19T17:03:33+00:00","breadcrumb":{"@id":"https:\/\/integration-reflexes.fr\/?page_id=144#breadcrumb"},"inLanguage":"fr-FR","potentialAction":[{"@type":"ReadAction","target":["https:\/\/integration-reflexes.fr\/?page_id=144"]}]},{"@type":"ImageObject","inLanguage":"fr-FR","@id":"https:\/\/integration-reflexes.fr\/?page_id=144#primaryimage","url":"https:\/\/mlrytvlytdru.i.optimole.com\/w:283\/h:300\/q:mauto\/ig:avif\/https:\/\/integration-reflexes.fr\/wp-content\/uploads\/2024\/04\/1000021364-01.jpg","contentUrl":"https:\/\/mlrytvlytdru.i.optimole.com\/w:283\/h:300\/q:mauto\/ig:avif\/https:\/\/integration-reflexes.fr\/wp-content\/uploads\/2024\/04\/1000021364-01.jpg"},{"@type":"BreadcrumbList","@id":"https:\/\/integration-reflexes.fr\/?page_id=144#breadcrumb","itemListElement":[{"@type":"ListItem","position":1,"name":"Accueil","item":"https:\/\/integration-reflexes.fr\/"},{"@type":"ListItem","position":2,"name":"Qui suis-je ?"}]},{"@type":"WebSite","@id":"https:\/\/integration-reflexes.fr\/#website","url":"https:\/\/integration-reflexes.fr\/","name":"L&#039;int\u00e9gration des r\u00e9flexes archa\u00efques","description":"Re-connecter corps et cerveau pour retrouver un \u00e9quilibre","publisher":{"@id":"https:\/\/integration-reflexes.fr\/#organization"},"potentialAction":[{"@type":"SearchAction","target":{"@type":"EntryPoint","urlTemplate":"https:\/\/integration-reflexes.fr\/?s={search_term_string}"},"query-input":{"@type":"PropertyValueSpecification","valueRequired":true,"valueName":"search_term_string"}}],"inLanguage":"fr-FR"},{"@type":"Organization","@id":"https:\/\/integration-reflexes.fr\/#organization","name":"L&#039;int\u00e9gration des r\u00e9flexes archa\u00efques","url":"https:\/\/integration-reflexes.fr\/","logo":{"@type":"ImageObject","inLanguage":"fr-FR","@id":"https:\/\/integration-reflexes.fr\/#\/schema\/logo\/image\/","url":"https:\/\/mlrytvlytdru.i.optimole.com\/w:auto\/h:auto\/q:mauto\/ig:avif\/https:\/\/integration-reflexes.fr\/wp-content\/uploads\/2021\/07\/cropped-cropped-cropped-logo-IR-transparent.png","contentUrl":"https:\/\/mlrytvlytdru.i.optimole.com\/w:auto\/h:auto\/q:mauto\/ig:avif\/https:\/\/integration-reflexes.fr\/wp-content\/uploads\/2021\/07\/cropped-cropped-cropped-logo-IR-transparent.png","width":1500,"height":1494,"caption":"L&#039;int\u00e9gration des r\u00e9flexes archa\u00efques"},"image":{"@id":"https:\/\/integration-reflexes.fr\/#\/schema\/logo\/image\/"}}]}},"_links":{"self":[{"href":"https:\/\/integration-reflexes.fr\/index.php?rest_route=\/wp\/v2\/pages\/144","targetHints":{"allow":["GET"]}}],"collection":[{"href":"https:\/\/integration-reflexes.fr\/index.php?rest_route=\/wp\/v2\/pages"}],"about":[{"href":"https:\/\/integration-reflexes.fr\/index.php?rest_route=\/wp\/v2\/types\/page"}],"author":[{"embeddable":true,"href":"https:\/\/integration-reflexes.fr\/index.php?rest_route=\/wp\/v2\/users\/1"}],"replies":[{"embeddable":true,"href":"https:\/\/integration-reflexes.fr\/index.php?rest_route=%2Fwp%2Fv2%2Fcomments&post=144"}],"version-history":[{"count":14,"href":"https:\/\/integration-reflexes.fr\/index.php?rest_route=\/wp\/v2\/pages\/144\/revisions"}],"predecessor-version":[{"id":1128,"href":"https:\/\/integration-reflexes.fr\/index.php?rest_route=\/wp\/v2\/pages\/144\/revisions\/1128"}],"wp:attachment":[{"href":"https:\/\/integration-reflexes.fr\/index.php?rest_route=%2Fwp%2Fv2%2Fmedia&parent=144"}],"curies":[{"name":"wp","href":"https:\/\/api.w.org\/{rel}","templated":true}]}}