{"id":1168,"date":"2025-04-15T12:20:48","date_gmt":"2025-04-15T10:20:48","guid":{"rendered":"https:\/\/integration-reflexes.fr\/?page_id=1168"},"modified":"2025-05-09T11:21:51","modified_gmt":"2025-05-09T09:21:51","slug":"tarifs-2","status":"publish","type":"page","link":"https:\/\/integration-reflexes.fr\/?page_id=1168","title":{"rendered":"Prendre rendez-vous &#8211; tarifs"},"content":{"rendered":"\n<div class=\"wp-block-group alignfull has-text-color has-background\" style=\"color:#000000;background-color:#ffffff\"><div class=\"wp-block-group__inner-container is-layout-flow wp-block-group-is-layout-flow\">\n<div style=\"height:64px\" aria-hidden=\"true\" class=\"wp-block-spacer\"><\/div>\n<\/div><\/div>\n\n\n\n<p style=\"padding-right:0;padding-left:0\">Vous vous sentez d\u00e9muni.e face aux \u00e9motions de vos enfants ? Vous avez des difficult\u00e9s pour dormir ? Vous rencontrez des probl\u00e9matiques autour de la sexualit\u00e9 ? Vous vous reconnaissez dans les d\u00e9fis accompagn\u00e9s par les r\u00e9flexes archa\u00efques ?<\/p>\n\n\n\n<div class=\"wp-block-columns is-layout-flex wp-container-core-columns-is-layout-1 wp-block-columns-is-layout-flex\">\n<div class=\"wp-block-column is-layout-flow wp-block-column-is-layout-flow\">\n<p><\/p>\n\n\n\n<p><\/p>\n\n\n\n<p>Vous souhaitez :<br>&#8211; retrouver de l&rsquo;harmonie dans votre corps <br>&#8211; plus de s\u00e9r\u00e9nit\u00e9 dans votre famille <br>&#8211; vous sentir repos\u00e9.e, apais\u00e9.e<\/p>\n<\/div>\n\n\n\n<div class=\"wp-block-column is-layout-flow wp-block-column-is-layout-flow\">\n<figure class=\"wp-block-image size-medium\" id=\"wp-block-themeisle-blocks-image-3facb90e\"><img data-opt-id=459431098  fetchpriority=\"high\" decoding=\"async\" width=\"300\" height=\"300\" src=\"https:\/\/mlrytvlytdru.i.optimole.com\/w:300\/h:300\/q:mauto\/ig:avif\/https:\/\/integration-reflexes.fr\/wp-content\/uploads\/2025\/02\/3.png\" alt=\"\" class=\"wp-image-1140\" style=\"aspect-ratio:1;object-fit:cover\" srcset=\"https:\/\/mlrytvlytdru.i.optimole.com\/w:300\/h:300\/q:mauto\/ig:avif\/https:\/\/integration-reflexes.fr\/wp-content\/uploads\/2025\/02\/3.png 300w, https:\/\/mlrytvlytdru.i.optimole.com\/w:1024\/h:1024\/q:mauto\/ig:avif\/https:\/\/integration-reflexes.fr\/wp-content\/uploads\/2025\/02\/3.png 1024w, https:\/\/mlrytvlytdru.i.optimole.com\/w:150\/h:150\/q:mauto\/ig:avif\/https:\/\/integration-reflexes.fr\/wp-content\/uploads\/2025\/02\/3.png 150w, https:\/\/mlrytvlytdru.i.optimole.com\/w:768\/h:768\/q:mauto\/ig:avif\/https:\/\/integration-reflexes.fr\/wp-content\/uploads\/2025\/02\/3.png 768w, https:\/\/mlrytvlytdru.i.optimole.com\/w:1080\/h:1080\/q:mauto\/ig:avif\/https:\/\/integration-reflexes.fr\/wp-content\/uploads\/2025\/02\/3.png 1536w, https:\/\/mlrytvlytdru.i.optimole.com\/w:116\/h:116\/q:mauto\/ig:avif\/https:\/\/integration-reflexes.fr\/wp-content\/uploads\/2025\/02\/3.png 116w, https:\/\/mlrytvlytdru.i.optimole.com\/w:1080\/h:1080\/q:mauto\/ig:avif\/https:\/\/integration-reflexes.fr\/wp-content\/uploads\/2025\/02\/3.png 2000w\" sizes=\"(max-width: 300px) 100vw, 300px\" \/><\/figure>\n<\/div>\n<\/div>\n\n\n\n<p>L&rsquo;int\u00e9gration des r\u00e9flexes archa\u00efques peut vous aider. <br>Je vous propose un accompagnement en 3 \u00e9tapes, dans l&rsquo;\u00e9coute et la bienveillance, bas\u00e9 sur l&rsquo;int\u00e9gration des r\u00e9flexes archa\u00efques gr\u00e2ce \u00e0 une m\u00e9thode douce et efficace. <\/p>\n\n\n\n<p>Nous irons \u00e0 votre rythme, dans l&rsquo;optique de vous apprendre \u00e0 int\u00e9grer vos r\u00e9flexes efficacement.<\/p>\n\n\n\n<p>Une fois le bilan effectu\u00e9, les s\u00e9ances sont espac\u00e9es d&rsquo;un mois environ, pendant lequel vous \u00eates invit\u00e9.e \u00e0 effectuer quotidiennement des mouvements pour aider \u00e0 l&rsquo;int\u00e9gration des r\u00e9flexes archa\u00efques. <\/p>\n\n\n\n<div style=\"height:100px\" aria-hidden=\"true\" class=\"wp-block-spacer\"><\/div>\n\n\n\n<p>Vous vous interrogez sur une probl\u00e9matique que vous rencontrez et souhaitez savoir si l&rsquo;int\u00e9gration des r\u00e9flexes peut vous aider ? Vous avez besoin d&rsquo;un premier contact avant de vous engager dans un suivi ? B\u00e9n\u00e9ficiez d&rsquo;un appel d\u00e9couverte gratuit de 30 minutes durant lequel nous \u00e9changerons sur votre probl\u00e9matique et les bienfaits des r\u00e9flexes. Ce sera aussi l&rsquo;occasion de poser toutes vos questions. <\/p>\n\n\n\n<div class=\"wp-block-buttons is-horizontal is-content-justification-center is-layout-flex wp-container-core-buttons-is-layout-1 wp-block-buttons-is-layout-flex\">\n<div class=\"wp-block-button has-custom-width wp-block-button__width-50\"><a class=\"wp-block-button__link has-accent-background-color has-text-color has-background wp-element-button\" href=\"https:\/\/www.resalib.fr\/praticien\/45284-sophie-capon-praticien-en-integration-des-reflexes-archaiques-bouguenais#newrdvmodal\" style=\"border-radius:50px;color:#ffffff;padding-top:var(--wp--preset--spacing--20);padding-right:var(--wp--preset--spacing--20);padding-bottom:var(--wp--preset--spacing--20);padding-left:var(--wp--preset--spacing--20)\">Prendre rendez-vous pour un appel gratuit<\/a><\/div>\n<\/div>\n\n\n\n<div style=\"height:47px\" aria-hidden=\"true\" class=\"wp-block-spacer\"><\/div>\n\n\n\n<h2 class=\"wp-block-heading has-text-align-center has-accent-color has-text-color has-link-color wp-elements-71251c7cdcc8659119339132e80e39fa\"><\/h2>\n\n\n\n<h3 class=\"wp-block-heading has-text-align-center tar\">Un parcours d&rsquo;accompagnement personnalis\u00e9<\/h3>\n\n\n\n<div class=\"wp-block-columns alignwide is-layout-flex wp-container-core-columns-is-layout-2 wp-block-columns-is-layout-flex\" style=\"margin-bottom:0\">\n<div class=\"wp-block-column has-text-color has-background has-link-color wp-elements-a26b01ec193f99cf2d7993c095adcb65 is-layout-flow wp-block-column-is-layout-flow\" style=\"color:#000000;background-color:#ff625b;padding-top:2em;padding-right:2em;padding-bottom:2em;padding-left:2em\">\n<h2 class=\"wp-block-heading has-text-align-center\" id=\"single\" style=\"font-size:21px\"><strong>Faire le point<\/strong><\/h2>\n\n\n\n<p class=\"has-normal-font-size\" style=\"line-height:1.5\"><strong>Effectuez un bilan complet, sur 2 s\u00e9ances<\/strong><\/p>\n\n\n\n<hr class=\"wp-block-separator has-text-color has-white-color has-alpha-channel-opacity has-white-background-color has-background is-style-wide\"\/>\n\n\n\n<ul class=\"wp-block-list has-normal-font-size\">\n<li>D\u00e9finir ensemble votre objectif ou celui de votre enfant<\/li>\n\n\n\n<li>Echanger sur vos probl\u00e9matiques et sur votre histoire de vie pour aiguiller l&rsquo;accompagnement<\/li>\n\n\n\n<li>Effectuer un bilan complet des r\u00e9flexes archa\u00efques<\/li>\n\n\n\n<li>D\u00e9marrer l&rsquo;int\u00e9gration de r\u00e9flexes en s\u00e9ance gr\u00e2ce \u00e0 la Brain Th\u00e9rapy<\/li>\n\n\n\n<li>Proposer des premiers mouvements \u00e0 refaire \u00e0 la maison<\/li>\n<\/ul>\n\n\n\n<div id=\"wp-block-themeisle-blocks-button-group-a89610f8\" class=\"wp-block-themeisle-blocks-button-group wp-block-buttons\">\n<div id=\"wp-block-themeisle-blocks-button-c974914a\" class=\"wp-block-themeisle-blocks-button wp-block-button\"><a href=\"https:\/\/www.resalib.fr\/praticien\/45284-sophie-capon-praticien-en-integration-des-reflexes-archaiques-bouguenais#newrdvmodal\" target=\"_self\" rel=\"noopener noreferrer\" class=\"wp-block-button__link\"><span>2 s\u00e9ances d&rsquo;une heure (120\u20ac au total)*<\/span><\/a><\/div>\n<\/div>\n<\/div>\n\n\n\n<div class=\"wp-block-column has-accent-background-color has-text-color has-background has-link-color wp-elements-ec947a8d0904402f51be0f009f2de41d is-layout-flow wp-block-column-is-layout-flow\" style=\"color:#000000;padding-top:2em;padding-right:2em;padding-bottom:2em;padding-left:2em\">\n<h2 class=\"wp-block-heading has-text-align-center\" id=\"family\" style=\"font-size:21px\"><strong>Avancer pas \u00e0 pas<\/strong><\/h2>\n\n\n\n<p class=\"has-normal-font-size\" style=\"line-height:1.5\"><strong>Suivre un plan d&rsquo;accompagnement, \u00e0 votre rythme<\/strong><\/p>\n\n\n\n<hr class=\"wp-block-separator has-css-opacity is-style-wide\"\/>\n\n\n\n<ul class=\"wp-block-list has-normal-font-size\">\n<li>Apr\u00e8s les s\u00e9ances bilan, une s\u00e9ance par mois<\/li>\n\n\n\n<li>Echanger sur le mois \u00e9coul\u00e9, les \u00e9volutions, le v\u00e9cu<\/li>\n\n\n\n<li>Int\u00e9grer les r\u00e9flexes en s\u00e9ance gr\u00e2ce \u00e0 la Brain Th\u00e9rapy et les pressions isom\u00e9triques<\/li>\n\n\n\n<li>Choisir des mouvements \u00e0 refaire \u00e0 la maison, quotidiennement<\/li>\n<\/ul>\n\n\n\n<div id=\"wp-block-themeisle-blocks-button-group-8b9d96ca\" class=\"wp-block-themeisle-blocks-button-group wp-block-buttons align-center-desktop align-center-mobile\">\n<div id=\"wp-block-themeisle-blocks-button-ef6e0fd6\" class=\"wp-block-themeisle-blocks-button wp-block-button\"><a href=\"https:\/\/www.resalib.fr\/praticien\/45284-sophie-capon-praticien-en-integration-des-reflexes-archaiques-bouguenais#newrdvmodal\" target=\"_self\" rel=\"noopener noreferrer\" class=\"wp-block-button__link\"><span>1 heure par s\u00e9ance (60\u20ac)**<\/span><\/a><\/div>\n<\/div>\n<\/div>\n\n\n\n<div class=\"wp-block-column has-text-color has-background has-link-color wp-elements-dfa8f38b9aa72242f78aa80674295638 is-layout-flow wp-block-column-is-layout-flow\" style=\"color:#000000;background-color:#a81f6a;padding-top:2em;padding-right:2em;padding-bottom:2em;padding-left:2em\">\n<h2 class=\"wp-block-heading has-text-align-center\" id=\"patron\" style=\"font-size:21px\"><strong>Observer les transformations<\/strong><\/h2>\n\n\n\n<p class=\"has-normal-font-size\"><strong>Un bilan final pour voir le chemin parcouru<\/strong><\/p>\n\n\n\n<hr class=\"wp-block-separator has-css-opacity is-style-wide\"\/>\n\n\n\n<ul class=\"wp-block-list has-normal-font-size\">\n<li>Echanger sur l&rsquo;atteinte de l&rsquo;objectif<\/li>\n\n\n\n<li>Effectuer un bilan complet des r\u00e9flexes archa\u00efques<\/li>\n\n\n\n<li>Rep\u00e9rer tous les progr\u00e8s<\/li>\n<\/ul>\n\n\n\n<div id=\"wp-block-themeisle-blocks-button-group-a71811cc\" class=\"wp-block-themeisle-blocks-button-group wp-block-buttons align-center-desktop\">\n<div id=\"wp-block-themeisle-blocks-button-59715675\" class=\"wp-block-themeisle-blocks-button wp-block-button\"><a href=\"https:\/\/www.resalib.fr\/praticien\/45284-sophie-capon-praticien-en-integration-des-reflexes-archaiques-bouguenais#newrdvmodal\" target=\"_self\" rel=\"noopener noreferrer\" class=\"wp-block-button__link\"><span>1 heure (60\u20ac)<\/span><\/a><\/div>\n<\/div>\n<\/div>\n<\/div>\n\n\n\n<div style=\"height:22px\" aria-hidden=\"true\" class=\"wp-block-spacer\"><\/div>\n\n\n\n<p class=\"has-medium-font-size\">*<strong>Pour les enfants de moins de 12 ans, le premier bilan se fait par t\u00e9l\u00e9phone et dure 30 minutes (40\u20ac).<\/strong><\/p>\n\n\n\n<p class=\"has-medium-font-size\">**<strong>Pour les enfants de moins de 6 ans, les s\u00e9ances en pr\u00e9sentiel durent 30 minutes (40\u20ac)<\/strong><\/p>\n\n\n\n<div class=\"wp-block-buttons is-horizontal is-content-justification-center is-layout-flex wp-container-core-buttons-is-layout-2 wp-block-buttons-is-layout-flex\">\n<div class=\"wp-block-button has-custom-width wp-block-button__width-50\"><a class=\"wp-block-button__link has-accent-background-color has-text-color has-background wp-element-button\" href=\"https:\/\/www.resalib.fr\/praticien\/45284-sophie-capon-praticien-en-integration-des-reflexes-archaiques-bouguenais#newrdvmodal\" style=\"border-radius:50px;color:#ffffff;padding-top:var(--wp--preset--spacing--20);padding-right:var(--wp--preset--spacing--20);padding-bottom:var(--wp--preset--spacing--20);padding-left:var(--wp--preset--spacing--20)\">Prendre rendez-vous<\/a><\/div>\n<\/div>\n\n\n\n<div style=\"height:20px\" aria-hidden=\"true\" class=\"wp-block-spacer\"><\/div>\n\n\n\n<h2 class=\"wp-block-heading has-text-align-center\">T\u00e9moignages<\/h2>\n\n\n\n<div class=\"wp-block-group alignwide\"><div class=\"wp-block-group__inner-container is-layout-constrained wp-block-group-is-layout-constrained\">\n<p class=\"has-text-align-center\"><\/p>\n\n\n\n<div class=\"wp-block-columns is-layout-flex wp-container-core-columns-is-layout-3 wp-block-columns-is-layout-flex\">\n<div class=\"wp-block-column is-layout-flow wp-block-column-is-layout-flow\">\n<div class=\"wp-block-group has-background\" style=\"border-radius:8px;background-color:#f9f8f7;padding-top:24px;padding-right:24px;padding-bottom:24px;padding-left:24px\"><div class=\"wp-block-group__inner-container is-layout-constrained wp-container-core-group-is-layout-3 wp-block-group-is-layout-constrained\">\n<p class=\"has-text-align-center has-text-color has-link-color has-medium-font-size wp-elements-d1cb64b0a9fdc187242a0fb803c12777\" style=\"color:#ffcd7d\"><\/p>\n\n\n\n<p class=\"has-text-align-center\">\u00ab\u00a0Je me sens 100% en confiance avec Sophie, qui m&rsquo;accompagne depuis 6 mois avec douceur, bienveillance, patience. Je recommande les yeux ferm\u00e9s\u00a0\u00bb<\/p>\n\n\n\n<div class=\"wp-block-group is-vertical is-content-justification-center is-layout-flex wp-container-core-group-is-layout-2 wp-block-group-is-layout-flex\">\n<p class=\"has-text-align-center has-small-font-size\" style=\"font-style:normal;font-weight:600;text-transform:uppercase\"><strong>pascaline<\/strong><\/p>\n<\/div>\n<\/div><\/div>\n<\/div>\n\n\n\n<div class=\"wp-block-column is-layout-flow wp-block-column-is-layout-flow\">\n<div class=\"wp-block-group has-background\" style=\"border-radius:8px;background-color:#f9f8f7;padding-top:24px;padding-right:24px;padding-bottom:24px;padding-left:24px\"><div class=\"wp-block-group__inner-container is-layout-constrained wp-container-core-group-is-layout-5 wp-block-group-is-layout-constrained\">\n<p class=\"has-text-align-center has-text-color has-link-color has-medium-font-size wp-elements-d1cb64b0a9fdc187242a0fb803c12777\" style=\"color:#ffcd7d\"><\/p>\n\n\n\n<p class=\"has-text-align-center\">\u00ab\u00a0Superbe contact, tr\u00e8s bonne \u00e9coute. Ma fille de 6 ans a \u00e9t\u00e9 tr\u00e8s vite \u00e0 l&rsquo;aise et s&rsquo;est confi\u00e9e \u00e0 Sophie. Les r\u00e9sultats ont \u00e9t\u00e9 visible tr\u00e8s rapidement ! Du bonheur !\u00a0\u00bb<\/p>\n\n\n\n<div class=\"wp-block-group is-vertical is-content-justification-center is-layout-flex wp-container-core-group-is-layout-4 wp-block-group-is-layout-flex\">\n<p class=\"has-text-align-center has-small-font-size\" style=\"font-style:normal;font-weight:600;text-transform:uppercase\">fabienne<\/p>\n<\/div>\n<\/div><\/div>\n<\/div>\n\n\n\n<div class=\"wp-block-column is-layout-flow wp-block-column-is-layout-flow\">\n<div class=\"wp-block-group has-background\" style=\"border-radius:8px;background-color:#f9f8f7;padding-top:24px;padding-right:24px;padding-bottom:24px;padding-left:24px\"><div class=\"wp-block-group__inner-container is-layout-constrained wp-container-core-group-is-layout-7 wp-block-group-is-layout-constrained\">\n<p class=\"has-text-align-center has-text-color has-link-color has-medium-font-size wp-elements-d1cb64b0a9fdc187242a0fb803c12777\" style=\"color:#ffcd7d\"><\/p>\n\n\n\n<p class=\"has-text-align-center\">\u00ab\u00a0Sophie a accompagn\u00e9 notre enfant sur plusieurs mois pour un objectif pr\u00e9\u00e7is. Il a beaucoup aim\u00e9 aller aux s\u00e9ances, et faire ses exercices \u00e0 la maison avec ou sans nous. Sophie a un tr\u00e8s bon relationnel avec les enfants (et les adultes) et une tr\u00e8s bonne dynamique. Notre fils a r\u00e9ussi \u00e0 atteindre son objectif, il a pris confiance et nous voyons la diff\u00e9rence avant-apr\u00e8s. Merci beaucoup Sophie !\u00a0\u00bb<\/p>\n\n\n\n<div class=\"wp-block-group is-vertical is-content-justification-center is-layout-flex wp-container-core-group-is-layout-6 wp-block-group-is-layout-flex\">\n<p class=\"has-text-align-center has-small-font-size\" style=\"font-style:normal;font-weight:600;text-transform:uppercase\">julie<\/p>\n<\/div>\n<\/div><\/div>\n<\/div>\n<\/div>\n<\/div><\/div>\n\n\n\n<p><\/p>\n","protected":false},"excerpt":{"rendered":"<p>Vous vous sentez d\u00e9muni.e face aux \u00e9motions de vos enfants ? Vous avez des difficult\u00e9s pour dormir ? Vous rencontrez des probl\u00e9matiques autour de la sexualit\u00e9 ? Vous vous reconnaissez dans les d\u00e9fis accompagn\u00e9s par les r\u00e9flexes archa\u00efques ? Vous souhaitez :&#8211; retrouver de l&rsquo;harmonie dans votre corps &#8211; plus [&hellip;]<\/p>\n","protected":false},"author":1,"featured_media":0,"parent":0,"menu_order":0,"comment_status":"closed","ping_status":"closed","template":"","meta":{"_themeisle_gutenberg_block_has_review":false,"footnotes":""},"class_list":["post-1168","page","type-page","status-publish","hentry"],"yoast_head":"<!-- This site is optimized with the Yoast SEO plugin v25.5 - https:\/\/yoast.com\/wordpress\/plugins\/seo\/ -->\n<title>Prendre rendez-vous - tarifs - L&#039;int\u00e9gration des r\u00e9flexes archa\u00efques<\/title>\n<meta name=\"robots\" content=\"index, follow, max-snippet:-1, max-image-preview:large, max-video-preview:-1\" \/>\n<link rel=\"canonical\" href=\"https:\/\/integration-reflexes.fr\/?page_id=1168\" \/>\n<meta property=\"og:locale\" content=\"fr_FR\" \/>\n<meta property=\"og:type\" content=\"article\" \/>\n<meta property=\"og:title\" content=\"Prendre rendez-vous - tarifs - L&#039;int\u00e9gration des r\u00e9flexes archa\u00efques\" \/>\n<meta property=\"og:description\" content=\"Vous vous sentez d\u00e9muni.e face aux \u00e9motions de vos enfants ? Vous avez des difficult\u00e9s pour dormir ? Vous rencontrez des probl\u00e9matiques autour de la sexualit\u00e9 ? Vous vous reconnaissez dans les d\u00e9fis accompagn\u00e9s par les r\u00e9flexes archa\u00efques ? Vous souhaitez :&#8211; retrouver de l&rsquo;harmonie dans votre corps &#8211; plus [&hellip;]\" \/>\n<meta property=\"og:url\" content=\"https:\/\/integration-reflexes.fr\/?page_id=1168\" \/>\n<meta property=\"og:site_name\" content=\"L&#039;int\u00e9gration des r\u00e9flexes archa\u00efques\" \/>\n<meta property=\"article:modified_time\" content=\"2025-05-09T09:21:51+00:00\" \/>\n<meta property=\"og:image\" content=\"https:\/\/mlrytvlytdru.i.optimole.com\/w:300\/h:300\/q:mauto\/ig:avif\/https:\/\/integration-reflexes.fr\/wp-content\/uploads\/2025\/02\/3.png\" \/>\n<meta name=\"twitter:card\" content=\"summary_large_image\" \/>\n<meta name=\"twitter:label1\" content=\"Dur\u00e9e de lecture estim\u00e9e\" \/>\n\t<meta name=\"twitter:data1\" content=\"3 minutes\" \/>\n<script type=\"application\/ld+json\" class=\"yoast-schema-graph\">{\"@context\":\"https:\/\/schema.org\",\"@graph\":[{\"@type\":\"WebPage\",\"@id\":\"https:\/\/integration-reflexes.fr\/?page_id=1168\",\"url\":\"https:\/\/integration-reflexes.fr\/?page_id=1168\",\"name\":\"Prendre rendez-vous - tarifs - L&#039;int\u00e9gration des r\u00e9flexes archa\u00efques\",\"isPartOf\":{\"@id\":\"https:\/\/integration-reflexes.fr\/#website\"},\"primaryImageOfPage\":{\"@id\":\"https:\/\/integration-reflexes.fr\/?page_id=1168#primaryimage\"},\"image\":{\"@id\":\"https:\/\/integration-reflexes.fr\/?page_id=1168#primaryimage\"},\"thumbnailUrl\":\"https:\/\/mlrytvlytdru.i.optimole.com\/w:300\/h:300\/q:mauto\/ig:avif\/https:\/\/integration-reflexes.fr\/wp-content\/uploads\/2025\/02\/3.png\",\"datePublished\":\"2025-04-15T10:20:48+00:00\",\"dateModified\":\"2025-05-09T09:21:51+00:00\",\"breadcrumb\":{\"@id\":\"https:\/\/integration-reflexes.fr\/?page_id=1168#breadcrumb\"},\"inLanguage\":\"fr-FR\",\"potentialAction\":[{\"@type\":\"ReadAction\",\"target\":[\"https:\/\/integration-reflexes.fr\/?page_id=1168\"]}]},{\"@type\":\"ImageObject\",\"inLanguage\":\"fr-FR\",\"@id\":\"https:\/\/integration-reflexes.fr\/?page_id=1168#primaryimage\",\"url\":\"https:\/\/mlrytvlytdru.i.optimole.com\/w:300\/h:300\/q:mauto\/ig:avif\/https:\/\/integration-reflexes.fr\/wp-content\/uploads\/2025\/02\/3.png\",\"contentUrl\":\"https:\/\/mlrytvlytdru.i.optimole.com\/w:300\/h:300\/q:mauto\/ig:avif\/https:\/\/integration-reflexes.fr\/wp-content\/uploads\/2025\/02\/3.png\"},{\"@type\":\"BreadcrumbList\",\"@id\":\"https:\/\/integration-reflexes.fr\/?page_id=1168#breadcrumb\",\"itemListElement\":[{\"@type\":\"ListItem\",\"position\":1,\"name\":\"Accueil\",\"item\":\"https:\/\/integration-reflexes.fr\/\"},{\"@type\":\"ListItem\",\"position\":2,\"name\":\"Prendre rendez-vous &#8211; tarifs\"}]},{\"@type\":\"WebSite\",\"@id\":\"https:\/\/integration-reflexes.fr\/#website\",\"url\":\"https:\/\/integration-reflexes.fr\/\",\"name\":\"L&#039;int\u00e9gration des r\u00e9flexes archa\u00efques\",\"description\":\"Re-connecter corps et cerveau pour retrouver un \u00e9quilibre\",\"publisher\":{\"@id\":\"https:\/\/integration-reflexes.fr\/#organization\"},\"potentialAction\":[{\"@type\":\"SearchAction\",\"target\":{\"@type\":\"EntryPoint\",\"urlTemplate\":\"https:\/\/integration-reflexes.fr\/?s={search_term_string}\"},\"query-input\":{\"@type\":\"PropertyValueSpecification\",\"valueRequired\":true,\"valueName\":\"search_term_string\"}}],\"inLanguage\":\"fr-FR\"},{\"@type\":\"Organization\",\"@id\":\"https:\/\/integration-reflexes.fr\/#organization\",\"name\":\"L&#039;int\u00e9gration des r\u00e9flexes archa\u00efques\",\"url\":\"https:\/\/integration-reflexes.fr\/\",\"logo\":{\"@type\":\"ImageObject\",\"inLanguage\":\"fr-FR\",\"@id\":\"https:\/\/integration-reflexes.fr\/#\/schema\/logo\/image\/\",\"url\":\"https:\/\/mlrytvlytdru.i.optimole.com\/w:auto\/h:auto\/q:mauto\/ig:avif\/https:\/\/integration-reflexes.fr\/wp-content\/uploads\/2021\/07\/cropped-cropped-cropped-logo-IR-transparent.png\",\"contentUrl\":\"https:\/\/mlrytvlytdru.i.optimole.com\/w:auto\/h:auto\/q:mauto\/ig:avif\/https:\/\/integration-reflexes.fr\/wp-content\/uploads\/2021\/07\/cropped-cropped-cropped-logo-IR-transparent.png\",\"width\":1500,\"height\":1494,\"caption\":\"L&#039;int\u00e9gration des r\u00e9flexes archa\u00efques\"},\"image\":{\"@id\":\"https:\/\/integration-reflexes.fr\/#\/schema\/logo\/image\/\"}}]}<\/script>\n<!-- \/ Yoast SEO plugin. -->","yoast_head_json":{"title":"Prendre rendez-vous - tarifs - L&#039;int\u00e9gration des r\u00e9flexes archa\u00efques","robots":{"index":"index","follow":"follow","max-snippet":"max-snippet:-1","max-image-preview":"max-image-preview:large","max-video-preview":"max-video-preview:-1"},"canonical":"https:\/\/integration-reflexes.fr\/?page_id=1168","og_locale":"fr_FR","og_type":"article","og_title":"Prendre rendez-vous - tarifs - L&#039;int\u00e9gration des r\u00e9flexes archa\u00efques","og_description":"Vous vous sentez d\u00e9muni.e face aux \u00e9motions de vos enfants ? Vous avez des difficult\u00e9s pour dormir ? Vous rencontrez des probl\u00e9matiques autour de la sexualit\u00e9 ? Vous vous reconnaissez dans les d\u00e9fis accompagn\u00e9s par les r\u00e9flexes archa\u00efques ? Vous souhaitez :&#8211; retrouver de l&rsquo;harmonie dans votre corps &#8211; plus [&hellip;]","og_url":"https:\/\/integration-reflexes.fr\/?page_id=1168","og_site_name":"L&#039;int\u00e9gration des r\u00e9flexes archa\u00efques","article_modified_time":"2025-05-09T09:21:51+00:00","og_image":[{"url":"https:\/\/mlrytvlytdru.i.optimole.com\/w:300\/h:300\/q:mauto\/ig:avif\/https:\/\/integration-reflexes.fr\/wp-content\/uploads\/2025\/02\/3.png","type":"","width":"","height":""}],"twitter_card":"summary_large_image","twitter_misc":{"Dur\u00e9e de lecture estim\u00e9e":"3 minutes"},"schema":{"@context":"https:\/\/schema.org","@graph":[{"@type":"WebPage","@id":"https:\/\/integration-reflexes.fr\/?page_id=1168","url":"https:\/\/integration-reflexes.fr\/?page_id=1168","name":"Prendre rendez-vous - tarifs - L&#039;int\u00e9gration des r\u00e9flexes archa\u00efques","isPartOf":{"@id":"https:\/\/integration-reflexes.fr\/#website"},"primaryImageOfPage":{"@id":"https:\/\/integration-reflexes.fr\/?page_id=1168#primaryimage"},"image":{"@id":"https:\/\/integration-reflexes.fr\/?page_id=1168#primaryimage"},"thumbnailUrl":"https:\/\/mlrytvlytdru.i.optimole.com\/w:300\/h:300\/q:mauto\/ig:avif\/https:\/\/integration-reflexes.fr\/wp-content\/uploads\/2025\/02\/3.png","datePublished":"2025-04-15T10:20:48+00:00","dateModified":"2025-05-09T09:21:51+00:00","breadcrumb":{"@id":"https:\/\/integration-reflexes.fr\/?page_id=1168#breadcrumb"},"inLanguage":"fr-FR","potentialAction":[{"@type":"ReadAction","target":["https:\/\/integration-reflexes.fr\/?page_id=1168"]}]},{"@type":"ImageObject","inLanguage":"fr-FR","@id":"https:\/\/integration-reflexes.fr\/?page_id=1168#primaryimage","url":"https:\/\/mlrytvlytdru.i.optimole.com\/w:300\/h:300\/q:mauto\/ig:avif\/https:\/\/integration-reflexes.fr\/wp-content\/uploads\/2025\/02\/3.png","contentUrl":"https:\/\/mlrytvlytdru.i.optimole.com\/w:300\/h:300\/q:mauto\/ig:avif\/https:\/\/integration-reflexes.fr\/wp-content\/uploads\/2025\/02\/3.png"},{"@type":"BreadcrumbList","@id":"https:\/\/integration-reflexes.fr\/?page_id=1168#breadcrumb","itemListElement":[{"@type":"ListItem","position":1,"name":"Accueil","item":"https:\/\/integration-reflexes.fr\/"},{"@type":"ListItem","position":2,"name":"Prendre rendez-vous &#8211; tarifs"}]},{"@type":"WebSite","@id":"https:\/\/integration-reflexes.fr\/#website","url":"https:\/\/integration-reflexes.fr\/","name":"L&#039;int\u00e9gration des r\u00e9flexes archa\u00efques","description":"Re-connecter corps et cerveau pour retrouver un \u00e9quilibre","publisher":{"@id":"https:\/\/integration-reflexes.fr\/#organization"},"potentialAction":[{"@type":"SearchAction","target":{"@type":"EntryPoint","urlTemplate":"https:\/\/integration-reflexes.fr\/?s={search_term_string}"},"query-input":{"@type":"PropertyValueSpecification","valueRequired":true,"valueName":"search_term_string"}}],"inLanguage":"fr-FR"},{"@type":"Organization","@id":"https:\/\/integration-reflexes.fr\/#organization","name":"L&#039;int\u00e9gration des r\u00e9flexes archa\u00efques","url":"https:\/\/integration-reflexes.fr\/","logo":{"@type":"ImageObject","inLanguage":"fr-FR","@id":"https:\/\/integration-reflexes.fr\/#\/schema\/logo\/image\/","url":"https:\/\/mlrytvlytdru.i.optimole.com\/w:auto\/h:auto\/q:mauto\/ig:avif\/https:\/\/integration-reflexes.fr\/wp-content\/uploads\/2021\/07\/cropped-cropped-cropped-logo-IR-transparent.png","contentUrl":"https:\/\/mlrytvlytdru.i.optimole.com\/w:auto\/h:auto\/q:mauto\/ig:avif\/https:\/\/integration-reflexes.fr\/wp-content\/uploads\/2021\/07\/cropped-cropped-cropped-logo-IR-transparent.png","width":1500,"height":1494,"caption":"L&#039;int\u00e9gration des r\u00e9flexes archa\u00efques"},"image":{"@id":"https:\/\/integration-reflexes.fr\/#\/schema\/logo\/image\/"}}]}},"_links":{"self":[{"href":"https:\/\/integration-reflexes.fr\/index.php?rest_route=\/wp\/v2\/pages\/1168","targetHints":{"allow":["GET"]}}],"collection":[{"href":"https:\/\/integration-reflexes.fr\/index.php?rest_route=\/wp\/v2\/pages"}],"about":[{"href":"https:\/\/integration-reflexes.fr\/index.php?rest_route=\/wp\/v2\/types\/page"}],"author":[{"embeddable":true,"href":"https:\/\/integration-reflexes.fr\/index.php?rest_route=\/wp\/v2\/users\/1"}],"replies":[{"embeddable":true,"href":"https:\/\/integration-reflexes.fr\/index.php?rest_route=%2Fwp%2Fv2%2Fcomments&post=1168"}],"version-history":[{"count":64,"href":"https:\/\/integration-reflexes.fr\/index.php?rest_route=\/wp\/v2\/pages\/1168\/revisions"}],"predecessor-version":[{"id":1354,"href":"https:\/\/integration-reflexes.fr\/index.php?rest_route=\/wp\/v2\/pages\/1168\/revisions\/1354"}],"wp:attachment":[{"href":"https:\/\/integration-reflexes.fr\/index.php?rest_route=%2Fwp%2Fv2%2Fmedia&parent=1168"}],"curies":[{"name":"wp","href":"https:\/\/api.w.org\/{rel}","templated":true}]}}